{"id":7462,"date":"2022-03-28T12:09:57","date_gmt":"2022-03-28T12:09:57","guid":{"rendered":"https:\/\/virconlegal.com\/kurumsal-yonetim\/"},"modified":"2022-03-28T12:09:57","modified_gmt":"2022-03-28T12:09:57","slug":"kurumsal-yonetim","status":"publish","type":"page","link":"https:\/\/virconlegal.com\/tr\/kurumsal-yonetim\/","title":{"rendered":"Kurumsal Y\u00f6netim"},"content":{"rendered":"<style>.elementor-7462 .elementor-element.elementor-element-2f640aa{font-family:\"Poppins\", Sans-serif;}.elementor-7462 .elementor-element.elementor-element-3fbc240 img{width:100%;max-width:100%;height:262px;}.elementor-7462 .elementor-element.elementor-element-8a0ff1b{font-family:\"Poppins\", Sans-serif;}<\/style>\t\t<div data-elementor-type=\"wp-page\" data-elementor-id=\"7462\" class=\"elementor elementor-7462\" data-elementor-post-type=\"page\">\n\t\t\t\t\t\t<section class=\"elementor-section elementor-top-section elementor-element elementor-element-d74c918 elementor-section-boxed elementor-section-height-default elementor-section-height-default\" data-id=\"d74c918\" data-element_type=\"section\" data-settings=\"{&quot;jet_parallax_layout_list&quot;:[]}\">\n\t\t\t\t\t\t<div class=\"elementor-container elementor-column-gap-default\">\n\t\t\t\t\t<div class=\"elementor-column elementor-col-100 elementor-top-column elementor-element elementor-element-432ab10\" data-id=\"432ab10\" data-element_type=\"column\">\n\t\t\t<div class=\"elementor-widget-wrap elementor-element-populated\">\n\t\t\t\t\t\t<div class=\"elementor-element elementor-element-2f640aa elementor-widget elementor-widget-text-editor\" data-id=\"2f640aa\" data-element_type=\"widget\" data-widget_type=\"text-editor.default\">\n\t\t\t\t<div class=\"elementor-widget-container\">\n\t\t\t\t\t\t\t\t\t<p>As Vircon Legal, we provide our clients with the appropriate legal structure for their business targets. We advise on a range of tax, dispute avoidance, and data protection issues. We have also experienced in advising foreign clients for structuring their operations in Turkey.\u00a0<\/p>\t\t\t\t\t\t\t\t<\/div>\n\t\t\t\t<\/div>\n\t\t\t\t\t<\/div>\n\t\t<\/div>\n\t\t\t\t\t<\/div>\n\t\t<\/section>\n\t\t\t\t<section class=\"elementor-section elementor-top-section elementor-element elementor-element-371fef7 elementor-section-boxed elementor-section-height-default elementor-section-height-default\" data-id=\"371fef7\" data-element_type=\"section\" data-settings=\"{&quot;jet_parallax_layout_list&quot;:[]}\">\n\t\t\t\t\t\t<div class=\"elementor-container elementor-column-gap-default\">\n\t\t\t\t\t<div class=\"elementor-column elementor-col-100 elementor-top-column elementor-element elementor-element-a9ed40e\" data-id=\"a9ed40e\" data-element_type=\"column\">\n\t\t\t<div class=\"elementor-widget-wrap elementor-element-populated\">\n\t\t\t\t\t\t<div class=\"elementor-element elementor-element-3fbc240 elementor-widget elementor-widget-image\" data-id=\"3fbc240\" data-element_type=\"widget\" data-widget_type=\"image.default\">\n\t\t\t\t<div class=\"elementor-widget-container\">\n\t\t\t\t\t\t\t\t\t\t\t\t\t\t\t<img decoding=\"async\" src=\"https:\/\/virconlegal.com\/wp-content\/plugins\/elementor\/assets\/images\/placeholder.png\" title=\"\" alt=\"\" loading=\"lazy\" \/>\t\t\t\t\t\t\t\t\t\t\t\t\t\t\t<\/div>\n\t\t\t\t<\/div>\n\t\t\t\t\t<\/div>\n\t\t<\/div>\n\t\t\t\t\t<\/div>\n\t\t<\/section>\n\t\t\t\t<section class=\"elementor-section elementor-top-section elementor-element elementor-element-c820d8a elementor-section-boxed elementor-section-height-default elementor-section-height-default\" data-id=\"c820d8a\" data-element_type=\"section\" data-settings=\"{&quot;jet_parallax_layout_list&quot;:[]}\">\n\t\t\t\t\t\t<div class=\"elementor-container elementor-column-gap-default\">\n\t\t\t\t\t<div class=\"elementor-column elementor-col-100 elementor-top-column elementor-element elementor-element-11023da\" data-id=\"11023da\" data-element_type=\"column\">\n\t\t\t<div class=\"elementor-widget-wrap elementor-element-populated\">\n\t\t\t\t\t\t<div class=\"elementor-element elementor-element-8a0ff1b elementor-widget elementor-widget-text-editor\" data-id=\"8a0ff1b\" data-element_type=\"widget\" data-widget_type=\"text-editor.default\">\n\t\t\t\t<div class=\"elementor-widget-container\">\n\t\t\t\t\t\t\t\t\t<p>We assist in preparing and amending companies\u2019 articles of association either to comply with the Turkish Commercial Code or to reflect specific agreements between different shareholders groups; intra-group reorganizations to include spin-off, merger, change of legal form, liquidation, asset transfer, and share transfer; managing the promotion &amp; stock-option processes, structuring the board of directors and limitation of authorities between board members, preparation of comprehensive internal policies within the company; and general maintenance of corporate records.\u00a0<\/p><p>\u00a0<\/p><p>Our Corporate Governance service includes, but not limited to, the following:<\/p><ul><li>M&amp;A transactions<\/li><li>Commercial Contracts<\/li><li>General Corporate Transactions<\/li><li>Comprehensive corporate maintenance services<\/li><li>Basic corporate maintenance services<\/li><\/ul>\t\t\t\t\t\t\t\t<\/div>\n\t\t\t\t<\/div>\n\t\t\t\t\t<\/div>\n\t\t<\/div>\n\t\t\t\t\t<\/div>\n\t\t<\/section>\n\t\t\t\t<\/div>\n\t\t","protected":false},"excerpt":{"rendered":"<p>Vircon Legal olarak, m\u00fcvekkillerimize i\u015f hedefleri i\u00e7in uygun hukuki yap\u0131y\u0131 sa\u011fl\u0131yoruz. Bir dizi vergi, uyu\u015fmazl\u0131klardan ka\u00e7\u0131nma ve veri koruma konular\u0131nda dan\u0131\u015fmanl\u0131k hizmeti veriyoruz. Ayr\u0131ca, yabanc\u0131 m\u00fcvekkillere T\u00fcrkiye&#8217;deki faaliyetlerini yap\u0131land\u0131rma konusunda dan\u0131\u015fmanl\u0131k verme konusunda da deneyim sahibiyiz. \u015eirket ana s\u00f6zle\u015fmelerinin T\u00fcrk Ticaret Kanunu&#8217;na uygun olarak veya farkl\u0131 hissedar gruplar\u0131 aras\u0131ndaki \u00f6zel anla\u015fmalar\u0131 yans\u0131tacak \u015fekilde haz\u0131rlanmas\u0131 ve [&hellip;]<\/p>\n","protected":false},"author":1,"featured_media":0,"parent":0,"menu_order":0,"comment_status":"closed","ping_status":"closed","template":"","meta":{"footnotes":""},"class_list":["post-7462","page","type-page","status-publish","hentry"],"_links":{"self":[{"href":"https:\/\/virconlegal.com\/tr\/wp-json\/wp\/v2\/pages\/7462","targetHints":{"allow":["GET"]}}],"collection":[{"href":"https:\/\/virconlegal.com\/tr\/wp-json\/wp\/v2\/pages"}],"about":[{"href":"https:\/\/virconlegal.com\/tr\/wp-json\/wp\/v2\/types\/page"}],"author":[{"embeddable":true,"href":"https:\/\/virconlegal.com\/tr\/wp-json\/wp\/v2\/users\/1"}],"replies":[{"embeddable":true,"href":"https:\/\/virconlegal.com\/tr\/wp-json\/wp\/v2\/comments?post=7462"}],"version-history":[{"count":0,"href":"https:\/\/virconlegal.com\/tr\/wp-json\/wp\/v2\/pages\/7462\/revisions"}],"wp:attachment":[{"href":"https:\/\/virconlegal.com\/tr\/wp-json\/wp\/v2\/media?parent=7462"}],"curies":[{"name":"wp","href":"https:\/\/api.w.org\/{rel}","templated":true}]}}