{"id":7394,"date":"2022-03-31T08:26:42","date_gmt":"2022-03-31T08:26:42","guid":{"rendered":"https:\/\/virconlegal.com\/tiplay-studyo\/"},"modified":"2025-12-03T13:18:34","modified_gmt":"2025-12-03T13:18:34","slug":"tiplay-studyo","status":"publish","type":"page","link":"https:\/\/virconlegal.com\/tr\/tiplay-studyo\/","title":{"rendered":"tiplay st\u00fcdyo"},"content":{"rendered":"<style>.elementor-7394 .elementor-element.elementor-element-38301a7:not(.elementor-motion-effects-element-type-background), .elementor-7394 .elementor-element.elementor-element-38301a7 > .elementor-motion-effects-container > .elementor-motion-effects-layer{background-color:var( --e-global-color-3c63d97 );}.elementor-7394 .elementor-element.elementor-element-38301a7 > .elementor-container{min-height:410px;}.elementor-7394 .elementor-element.elementor-element-38301a7{transition:background 0.3s, border 0.3s, border-radius 0.3s, box-shadow 0.3s;margin-top:-6em;margin-bottom:0em;}.elementor-7394 .elementor-element.elementor-element-38301a7 > .elementor-background-overlay{transition:background 0.3s, border-radius 0.3s, opacity 0.3s;}.elementor-7394 .elementor-element.elementor-element-875194c > .elementor-widget-wrap > .elementor-widget:not(.elementor-widget__width-auto):not(.elementor-widget__width-initial):not(:last-child):not(.elementor-absolute){margin-bottom:0px;}.elementor-7394 .elementor-element.elementor-element-ba4d820 .elementor-heading-title{font-family:\"Inter Tight\", Sans-serif;font-size:14px;font-weight:500;color:var( --e-global-color-6c301e5 );}.elementor-7394 .elementor-element.elementor-element-aaa9012 .elementor-heading-title{font-family:\"Inter Tight\", Sans-serif;color:var( --e-global-color-18f01eb );}.elementor-7394 .elementor-element.elementor-element-fa88237 > .elementor-widget-container{margin:0px 0px 0px 010px;}.elementor-7394 .elementor-element.elementor-element-fa88237{font-family:\"Inter\", Sans-serif;color:var( --e-global-color-fc3df75 );}.elementor-7394 .elementor-element.elementor-element-df208ee > .elementor-widget-container{margin:0px 0px 0px 010px;}.elementor-7394 .elementor-element.elementor-element-df208ee{font-family:\"Inter\", Sans-serif;color:var( --e-global-color-fc3df75 );}@media(max-width:767px){.elementor-7394 .elementor-element.elementor-element-38301a7{margin-top:-12em;margin-bottom:0em;}}<\/style>\t\t<div data-elementor-type=\"wp-page\" data-elementor-id=\"7394\" class=\"elementor elementor-7394\" data-elementor-post-type=\"page\">\n\t\t\t\t\t\t<section class=\"elementor-section elementor-top-section elementor-element elementor-element-38301a7 elementor-section-height-min-height elementor-section-boxed elementor-section-height-default elementor-section-items-middle\" data-id=\"38301a7\" data-element_type=\"section\" data-settings=\"{&quot;background_background&quot;:&quot;classic&quot;,&quot;jet_parallax_layout_list&quot;:[]}\">\n\t\t\t\t\t\t<div class=\"elementor-container elementor-column-gap-default\">\n\t\t\t\t\t<div class=\"elementor-column elementor-col-100 elementor-top-column elementor-element elementor-element-875194c\" data-id=\"875194c\" data-element_type=\"column\">\n\t\t\t<div class=\"elementor-widget-wrap elementor-element-populated\">\n\t\t\t\t\t\t<div class=\"elementor-element elementor-element-ba4d820 elementor-widget elementor-widget-heading\" data-id=\"ba4d820\" data-element_type=\"widget\" data-widget_type=\"heading.default\">\n\t\t\t\t<div class=\"elementor-widget-container\">\n\t\t\t\t\t<span class=\"elementor-heading-title elementor-size-default\">Success Story<\/span>\t\t\t\t<\/div>\n\t\t\t\t<\/div>\n\t\t\t\t<div class=\"elementor-element elementor-element-aaa9012 elementor-widget elementor-widget-heading\" data-id=\"aaa9012\" data-element_type=\"widget\" data-widget_type=\"heading.default\">\n\t\t\t\t<div class=\"elementor-widget-container\">\n\t\t\t\t\t<h2 class=\"elementor-heading-title elementor-size-default\">tiplay studio<\/h2>\t\t\t\t<\/div>\n\t\t\t\t<\/div>\n\t\t\t\t\t<\/div>\n\t\t<\/div>\n\t\t\t\t\t<\/div>\n\t\t<\/section>\n\t\t\t\t<section class=\"elementor-section elementor-top-section elementor-element elementor-element-163df5c elementor-section-boxed elementor-section-height-default elementor-section-height-default\" data-id=\"163df5c\" data-element_type=\"section\" data-settings=\"{&quot;jet_parallax_layout_list&quot;:[]}\">\n\t\t\t\t\t\t<div class=\"elementor-container elementor-column-gap-default\">\n\t\t\t\t\t<div class=\"elementor-column elementor-col-100 elementor-top-column elementor-element elementor-element-0218e18\" data-id=\"0218e18\" data-element_type=\"column\">\n\t\t\t<div class=\"elementor-widget-wrap elementor-element-populated\">\n\t\t\t\t\t\t<section class=\"elementor-section elementor-inner-section elementor-element elementor-element-f8ed514 elementor-section-boxed elementor-section-height-default elementor-section-height-default\" data-id=\"f8ed514\" data-element_type=\"section\" data-settings=\"{&quot;jet_parallax_layout_list&quot;:[]}\">\n\t\t\t\t\t\t<div class=\"elementor-container elementor-column-gap-default\">\n\t\t\t\t\t<div class=\"elementor-column elementor-col-50 elementor-inner-column elementor-element elementor-element-32cc16e\" data-id=\"32cc16e\" data-element_type=\"column\">\n\t\t\t<div class=\"elementor-widget-wrap elementor-element-populated\">\n\t\t\t\t\t\t<div class=\"elementor-element elementor-element-fa88237 elementor-widget elementor-widget-text-editor\" data-id=\"fa88237\" data-element_type=\"widget\" data-widget_type=\"text-editor.default\">\n\t\t\t\t<div class=\"elementor-widget-container\">\n\t\t\t\t\t\t\t\t\t<p>tiplay studio is the fastest-growing game development ecosystem incorporated in Turkey, which became one of the best hubs for mobile game development all around the world. They have released seven popular games which were downloaded more than 50 million times. The team is now focused on creating a sustainable game development ecosystem worldwide.<\/p><p>At the very beginning of 2020, tiplay studio launched oFON, the very first global game studio accelerator program, and the program has become the biggest hypercasual accelerator program, having recruited 12 teams.<\/p><p>Recently, they became a Snap Game Partner and launched their first Snap game at the very end of 2021. Following the recent round concluded with Re-Pie, one of the top VCs in Turkey, tiplay studio got into YellowLA, Snapchat\u2019s world-renowned accelerator program.<\/p>\t\t\t\t\t\t\t\t<\/div>\n\t\t\t\t<\/div>\n\t\t\t\t\t<\/div>\n\t\t<\/div>\n\t\t\t\t<div class=\"elementor-column elementor-col-50 elementor-inner-column elementor-element elementor-element-4b48ea9\" data-id=\"4b48ea9\" data-element_type=\"column\">\n\t\t\t<div class=\"elementor-widget-wrap elementor-element-populated\">\n\t\t\t\t\t\t<div class=\"elementor-element elementor-element-414d519 elementor-widget elementor-widget-image\" data-id=\"414d519\" data-element_type=\"widget\" data-widget_type=\"image.default\">\n\t\t\t\t<div class=\"elementor-widget-container\">\n\t\t\t\t\t\t\t\t\t\t\t\t\t\t\t<img fetchpriority=\"high\" decoding=\"async\" width=\"771\" height=\"716\" src=\"https:\/\/virconlegal.com\/wp-content\/uploads\/2022\/03\/Tiplay.png\" class=\"attachment-large size-large wp-image-1611\" alt=\"\" srcset=\"https:\/\/virconlegal.com\/wp-content\/uploads\/2022\/03\/Tiplay.png 771w, https:\/\/virconlegal.com\/wp-content\/uploads\/2022\/03\/Tiplay-300x279.png 300w, https:\/\/virconlegal.com\/wp-content\/uploads\/2022\/03\/Tiplay-768x713.png 768w\" sizes=\"(max-width: 771px) 100vw, 771px\" \/>\t\t\t\t\t\t\t\t\t\t\t\t\t\t\t<\/div>\n\t\t\t\t<\/div>\n\t\t\t\t\t<\/div>\n\t\t<\/div>\n\t\t\t\t\t<\/div>\n\t\t<\/section>\n\t\t\t\t\t<\/div>\n\t\t<\/div>\n\t\t\t\t\t<\/div>\n\t\t<\/section>\n\t\t\t\t<section class=\"elementor-section elementor-top-section elementor-element elementor-element-4090f36 elementor-section-boxed elementor-section-height-default elementor-section-height-default\" data-id=\"4090f36\" data-element_type=\"section\" data-settings=\"{&quot;jet_parallax_layout_list&quot;:[]}\">\n\t\t\t\t\t\t<div class=\"elementor-container elementor-column-gap-default\">\n\t\t\t\t\t<div class=\"elementor-column elementor-col-100 elementor-top-column elementor-element elementor-element-f10d9d2\" data-id=\"f10d9d2\" data-element_type=\"column\">\n\t\t\t<div class=\"elementor-widget-wrap elementor-element-populated\">\n\t\t\t\t\t\t<div class=\"elementor-element elementor-element-df208ee elementor-widget elementor-widget-text-editor\" data-id=\"df208ee\" data-element_type=\"widget\" data-widget_type=\"text-editor.default\">\n\t\t\t\t<div class=\"elementor-widget-container\">\n\t\t\t\t\t\t\t\t\t<p><strong>Challenge<\/strong><\/p><p>As the fastest-growing game development company in Turkey, ensuring legal compliance plays a crucial role in uninterrupted success. While receiving investments and growing so fast, tiplay studio wanted to ensure their legal compliance at a local and global level. They needed continuous legal support both for handling investment tours and keeping all game development operations based on legal grounds.<\/p><p><strong>Solution<\/strong><\/p><p>From the very beginning of their journey, we have been the legal advisors of tiplay studio. As technology-native lawyers, we assist Tiplay with establishing the legal structure of the company and the oFON program, while ensuring legal compliance of the upcoming games in all aspects.<\/p><p>At the very end of 2021, we closed tiplay studio\u2019s first main investment tour and continue to negotiate the terms of successive investments to be concluded through alternative investment tools such as convertible notes!<\/p><p><strong>Impact<\/strong><\/p><div class=\"c-message_kit__gutter\"><div class=\"c-message_kit__gutter__right\" role=\"presentation\" data-qa=\"message_content\"><div class=\"c-message_kit__blocks c-message_kit__blocks--rich_text\"><div class=\"c-message__message_blocks c-message__message_blocks--rich_text\" data-qa=\"message-text\"><div class=\"p-block_kit_renderer\" data-qa=\"block-kit-renderer\"><div class=\"p-block_kit_renderer__block_wrapper p-block_kit_renderer__block_wrapper--first\"><div class=\"p-rich_text_block\" dir=\"auto\"><div class=\"p-rich_text_section\">While tiplay studio can focus on their unstoppable growth, we handle all legal aspects of their business, from drafting a wide variety of contracts till analyzing legal compliance of all game development activities. We recently concluded the main investment tour successfully and are ready for the following rounds. We enjoy witnessing the progressive growth of such a wonderful team!<\/div><\/div><\/div><\/div><\/div><\/div><\/div><\/div><div class=\"c-message_actions__container c-message__actions\" role=\"group\"><div class=\"c-message_actions__group\" role=\"group\" aria-label=\"Message shortcuts\" data-qa=\"message-actions\">\u00a0<\/div><\/div>\t\t\t\t\t\t\t\t<\/div>\n\t\t\t\t<\/div>\n\t\t\t\t\t<\/div>\n\t\t<\/div>\n\t\t\t\t\t<\/div>\n\t\t<\/section>\n\t\t\t\t<\/div>\n\t\t","protected":false},"excerpt":{"rendered":"<p>Ba\u015far\u0131 \u00d6yk\u00fcs\u00fc tiplay studyo tiplay studio, t\u00fcm d\u00fcnyada mobil oyun geli\u015ftirme konusunda en iyi merkezlerden biri haline gelen T\u00fcrkiye&#8217;de kurulmu\u015f, en h\u0131zl\u0131 b\u00fcy\u00fcyen oyun geli\u015ftirme ekosistemidir. 50 milyondan fazla indirilen yedi pop\u00fcler oyun yay\u0131nlad\u0131lar. Ekip \u015fu anda d\u00fcnya \u00e7ap\u0131nda s\u00fcrd\u00fcr\u00fclebilir bir oyun geli\u015ftirme ekosistemi olu\u015fturmaya odaklanm\u0131\u015f durumda. T\u00fcrk\u00e7e: 2020&#8217;nin hemen ba\u015f\u0131nda tiplay studio, ilk k\u00fcresel [&hellip;]<\/p>\n","protected":false},"author":1,"featured_media":0,"parent":0,"menu_order":0,"comment_status":"closed","ping_status":"closed","template":"","meta":{"footnotes":""},"class_list":["post-7394","page","type-page","status-publish","hentry"],"_links":{"self":[{"href":"https:\/\/virconlegal.com\/tr\/wp-json\/wp\/v2\/pages\/7394","targetHints":{"allow":["GET"]}}],"collection":[{"href":"https:\/\/virconlegal.com\/tr\/wp-json\/wp\/v2\/pages"}],"about":[{"href":"https:\/\/virconlegal.com\/tr\/wp-json\/wp\/v2\/types\/page"}],"author":[{"embeddable":true,"href":"https:\/\/virconlegal.com\/tr\/wp-json\/wp\/v2\/users\/1"}],"replies":[{"embeddable":true,"href":"https:\/\/virconlegal.com\/tr\/wp-json\/wp\/v2\/comments?post=7394"}],"version-history":[{"count":1,"href":"https:\/\/virconlegal.com\/tr\/wp-json\/wp\/v2\/pages\/7394\/revisions"}],"predecessor-version":[{"id":7479,"href":"https:\/\/virconlegal.com\/tr\/wp-json\/wp\/v2\/pages\/7394\/revisions\/7479"}],"wp:attachment":[{"href":"https:\/\/virconlegal.com\/tr\/wp-json\/wp\/v2\/media?parent=7394"}],"curies":[{"name":"wp","href":"https:\/\/api.w.org\/{rel}","templated":true}]}}