{"id":7391,"date":"2022-03-28T09:11:20","date_gmt":"2022-03-28T09:11:20","guid":{"rendered":"https:\/\/virconlegal.com\/birlesme-ve-devralmalar\/"},"modified":"2026-05-11T10:58:10","modified_gmt":"2026-05-11T10:58:10","slug":"birlesme-ve-devralmalar","status":"publish","type":"page","link":"https:\/\/virconlegal.com\/tr\/birlesme-ve-devralmalar\/","title":{"rendered":"Birle\u015fme ve Devralmalar"},"content":{"rendered":"<style>.elementor-7391 .elementor-element.elementor-element-efdd294 img{width:85%;max-width:100%;height:313px;}<\/style>\t\t<div data-elementor-type=\"wp-page\" data-elementor-id=\"7391\" class=\"elementor elementor-7391\" data-elementor-post-type=\"page\">\n\t\t\t\t\t\t<section class=\"elementor-section elementor-top-section elementor-element elementor-element-15b1b77 elementor-section-boxed elementor-section-height-default elementor-section-height-default\" data-id=\"15b1b77\" data-element_type=\"section\" data-settings=\"{&quot;jet_parallax_layout_list&quot;:[]}\">\n\t\t\t\t\t\t<div class=\"elementor-container elementor-column-gap-default\">\n\t\t\t\t\t<div class=\"elementor-column elementor-col-100 elementor-top-column elementor-element elementor-element-e009597\" data-id=\"e009597\" data-element_type=\"column\">\n\t\t\t<div class=\"elementor-widget-wrap elementor-element-populated\">\n\t\t\t\t\t\t<div class=\"elementor-element elementor-element-efdd294 elementor-widget elementor-widget-image\" data-id=\"efdd294\" data-element_type=\"widget\" data-widget_type=\"image.default\">\n\t\t\t\t<div class=\"elementor-widget-container\">\n\t\t\t\t\t\t\t\t\t\t\t\t\t\t\t<img decoding=\"async\" src=\"https:\/\/virconlegal.com\/wp-content\/plugins\/elementor\/assets\/images\/placeholder.png\" title=\"\" alt=\"\" loading=\"lazy\" \/>\t\t\t\t\t\t\t\t\t\t\t\t\t\t\t<\/div>\n\t\t\t\t<\/div>\n\t\t\t\t\t<\/div>\n\t\t<\/div>\n\t\t\t\t\t<\/div>\n\t\t<\/section>\n\t\t\t\t<section class=\"elementor-section elementor-top-section elementor-element elementor-element-9c1b6b0 elementor-section-boxed elementor-section-height-default elementor-section-height-default\" data-id=\"9c1b6b0\" data-element_type=\"section\" data-settings=\"{&quot;jet_parallax_layout_list&quot;:[]}\">\n\t\t\t\t\t\t<div class=\"elementor-container elementor-column-gap-default\">\n\t\t\t\t\t<div class=\"elementor-column elementor-col-100 elementor-top-column elementor-element elementor-element-ca835d6\" data-id=\"ca835d6\" data-element_type=\"column\">\n\t\t\t<div class=\"elementor-widget-wrap elementor-element-populated\">\n\t\t\t\t\t\t<div class=\"elementor-element elementor-element-acb2595 elementor-widget elementor-widget-text-editor\" data-id=\"acb2595\" data-element_type=\"widget\" data-widget_type=\"text-editor.default\">\n\t\t\t\t<div class=\"elementor-widget-container\">\n\t\t\t\t\t\t\t\t\t<p>Vircon Legal olarak, m\u00fcvekkillerimize \u00f6zel \u00e7\u00f6z\u00fcmler sunan, sonu\u00e7 odakl\u0131 bir yakla\u015f\u0131mla hukuki dan\u0131\u015fmanl\u0131k hizmeti veriyoruz. \u00d6nde gelen \u015eirketler Hukuku ve Birle\u015fme &#038; Devralma (M&#038;A) uygulamam\u0131z, t\u00fcm kurumsal konularda ve i\u015flemlerde yerel ve uluslararas\u0131 uzmanl\u0131k sunmaktad\u0131r.<\/p><p> <\/p><p>M&#038;A ekibimiz; birle\u015fme, devralma, ortak giri\u015fim, kurumsal yeniden yap\u0131land\u0131rma, \u00f6zel sermaye (private equity) ve yat\u0131r\u0131m fonu i\u015flemleri, b\u00f6l\u00fcnme, fon kurulumu, \u00f6zel arz dok\u00fcmanlar\u0131n\u0131n haz\u0131rlanmas\u0131, \u00e7ok yap\u0131l\u0131 kurumsal organizasyonlar\u0131n olu\u015fturulmas\u0131, yat\u0131r\u0131mc\u0131 m\u00fczakereleri, vergi ve menkul k\u0131ymetlere ili\u015fkin endi\u015felerin ele al\u0131nmas\u0131 ve \u015firket kurulu\u015fu alanlar\u0131nda geni\u015f deneyime sahiptir.<\/p><p> <\/p><p>M&#038;A alan\u0131ndaki derin uzmanl\u0131\u011f\u0131m\u0131z sayesinde \u00f6zel sermaye fonlar\u0131, giri\u015fim sermayesi \u015firketleri, yat\u0131r\u0131mc\u0131lar ve \u015firketler aras\u0131ndaki m\u00fczakerelerin t\u00fcm boyutlar\u0131n\u0131 geli\u015ftirdik.<\/p><p> <\/p><p>M&#038;A hizmetimiz a\u015fa\u011f\u0131dakileri kapsamakla birlikte bunlarla s\u0131n\u0131rl\u0131 de\u011fildir:<\/p><ul><li>Birle\u015fme ve devralmalar<\/li><li>Ortak giri\u015fimler ve stratejik i\u015f birlikleri<\/li><li>Kurumsal dan\u0131\u015fmanl\u0131k ve y\u00f6neti\u015fim<\/li><li>\u0130\u015flem \u00f6ncesi yeniden yap\u0131land\u0131rma<\/li><li>\u0130\u015flem sonras\u0131 destek<\/li><\/ul>\t\t\t\t\t\t\t\t<\/div>\n\t\t\t\t<\/div>\n\t\t\t\t\t<\/div>\n\t\t<\/div>\n\t\t\t\t\t<\/div>\n\t\t<\/section>\n\t\t\t\t<\/div>\n\t\t","protected":false},"excerpt":{"rendered":"<p>Vircon Legal olarak, m\u00fcvekkillerimize \u00f6zel \u00e7\u00f6z\u00fcmler sunan, sonu\u00e7 odakl\u0131 bir yakla\u015f\u0131mla hukuki dan\u0131\u015fmanl\u0131k hizmeti veriyoruz. \u00d6nde gelen \u015eirketler Hukuku ve Birle\u015fme &#038; Devralma (M&#038;A) uygulamam\u0131z, t\u00fcm kurumsal konularda ve i\u015flemlerde yerel ve uluslararas\u0131 uzmanl\u0131k sunmaktad\u0131r. M&#038;A ekibimiz; birle\u015fme, devralma, ortak giri\u015fim, kurumsal yeniden yap\u0131land\u0131rma, \u00f6zel sermaye (private equity) ve yat\u0131r\u0131m fonu i\u015flemleri, b\u00f6l\u00fcnme, fon kurulumu, [&hellip;]<\/p>\n","protected":false},"author":1,"featured_media":0,"parent":0,"menu_order":0,"comment_status":"closed","ping_status":"closed","template":"","meta":{"footnotes":""},"class_list":["post-7391","page","type-page","status-publish","hentry"],"_links":{"self":[{"href":"https:\/\/virconlegal.com\/tr\/wp-json\/wp\/v2\/pages\/7391","targetHints":{"allow":["GET"]}}],"collection":[{"href":"https:\/\/virconlegal.com\/tr\/wp-json\/wp\/v2\/pages"}],"about":[{"href":"https:\/\/virconlegal.com\/tr\/wp-json\/wp\/v2\/types\/page"}],"author":[{"embeddable":true,"href":"https:\/\/virconlegal.com\/tr\/wp-json\/wp\/v2\/users\/1"}],"replies":[{"embeddable":true,"href":"https:\/\/virconlegal.com\/tr\/wp-json\/wp\/v2\/comments?post=7391"}],"version-history":[{"count":4,"href":"https:\/\/virconlegal.com\/tr\/wp-json\/wp\/v2\/pages\/7391\/revisions"}],"predecessor-version":[{"id":7531,"href":"https:\/\/virconlegal.com\/tr\/wp-json\/wp\/v2\/pages\/7391\/revisions\/7531"}],"wp:attachment":[{"href":"https:\/\/virconlegal.com\/tr\/wp-json\/wp\/v2\/media?parent=7391"}],"curies":[{"name":"wp","href":"https:\/\/api.w.org\/{rel}","templated":true}]}}