{"id":7383,"date":"2022-03-28T12:10:34","date_gmt":"2022-03-28T12:10:34","guid":{"rendered":"https:\/\/virconlegal.com\/is-hukuku\/"},"modified":"2025-12-03T13:11:09","modified_gmt":"2025-12-03T13:11:09","slug":"is-hukuku","status":"publish","type":"page","link":"https:\/\/virconlegal.com\/tr\/is-hukuku\/","title":{"rendered":"\u0130\u015f Hukuku"},"content":{"rendered":"<style>.elementor-7383 .elementor-element.elementor-element-f7c20a6 img{width:100%;max-width:100%;height:290px;}.elementor-7383 .elementor-element.elementor-element-d74b207{font-family:\"Poppins\", Sans-serif;}<\/style>\t\t<div data-elementor-type=\"wp-page\" data-elementor-id=\"7383\" class=\"elementor elementor-7383\" data-elementor-post-type=\"page\">\n\t\t\t\t\t\t<section class=\"elementor-section elementor-top-section elementor-element elementor-element-3089d09 elementor-section-boxed elementor-section-height-default elementor-section-height-default\" data-id=\"3089d09\" data-element_type=\"section\" data-settings=\"{&quot;jet_parallax_layout_list&quot;:[]}\">\n\t\t\t\t\t\t<div class=\"elementor-container elementor-column-gap-default\">\n\t\t\t\t\t<div class=\"elementor-column elementor-col-100 elementor-top-column elementor-element elementor-element-772d834\" data-id=\"772d834\" data-element_type=\"column\">\n\t\t\t<div class=\"elementor-widget-wrap elementor-element-populated\">\n\t\t\t\t\t\t<div class=\"elementor-element elementor-element-f7c20a6 elementor-widget elementor-widget-image\" data-id=\"f7c20a6\" data-element_type=\"widget\" data-widget_type=\"image.default\">\n\t\t\t\t<div class=\"elementor-widget-container\">\n\t\t\t\t\t\t\t\t\t\t\t\t\t\t\t<img decoding=\"async\" src=\"https:\/\/virconlegal.com\/wp-content\/plugins\/elementor\/assets\/images\/placeholder.png\" title=\"\" alt=\"\" loading=\"lazy\" \/>\t\t\t\t\t\t\t\t\t\t\t\t\t\t\t<\/div>\n\t\t\t\t<\/div>\n\t\t\t\t\t<\/div>\n\t\t<\/div>\n\t\t\t\t\t<\/div>\n\t\t<\/section>\n\t\t\t\t<section class=\"elementor-section elementor-top-section elementor-element elementor-element-86643cd elementor-section-boxed elementor-section-height-default elementor-section-height-default\" data-id=\"86643cd\" data-element_type=\"section\" data-settings=\"{&quot;jet_parallax_layout_list&quot;:[]}\">\n\t\t\t\t\t\t<div class=\"elementor-container elementor-column-gap-default\">\n\t\t\t\t\t<div class=\"elementor-column elementor-col-100 elementor-top-column elementor-element elementor-element-1508a4b\" data-id=\"1508a4b\" data-element_type=\"column\">\n\t\t\t<div class=\"elementor-widget-wrap elementor-element-populated\">\n\t\t\t\t\t\t<div class=\"elementor-element elementor-element-d74b207 elementor-widget elementor-widget-text-editor\" data-id=\"d74b207\" data-element_type=\"widget\" data-widget_type=\"text-editor.default\">\n\t\t\t\t<div class=\"elementor-widget-container\">\n\t\t\t\t\t\t\t\t\t<p>We support our clients on various employment issues in Turkey. The employment team at Vircon Legal focuses on all major areas of Employment Law and offers a full range of employment law advice tailored to our clients\u2019 particular needs.\u00a0<\/p><p>\u00a0<\/p><p>We provide legal support in the most complex, sensitive matters, resulting in innovative legal solutions. We also work with you to build a strong employment strategy in order to minimize potential employment law-related disputes.<\/p><p>\u00a0<\/p><p>Our Employment practice includes, but not limited to, the following:<\/p><p>\u00a0<\/p><ul><li>Reweaving workplace policies<\/li><li>Non-compete and confidentiality agreements<\/li><li>Termination and release agreements, and risk assessment<\/li><li>Dispute resolution, including litigation, and settlement\u00a0<\/li><li>Benefits and compensation<\/li><li>Occupational health and security issues<\/li><li>Social security law practices<\/li><\/ul><p>\u00a0<\/p>\t\t\t\t\t\t\t\t<\/div>\n\t\t\t\t<\/div>\n\t\t\t\t\t<\/div>\n\t\t<\/div>\n\t\t\t\t\t<\/div>\n\t\t<\/section>\n\t\t\t\t<\/div>\n\t\t","protected":false},"excerpt":{"rendered":"<p>M\u00fcvekkillerimize T\u00fcrkiye&#8217;deki \u00e7e\u015fitli istihdam konular\u0131nda destek veriyoruz. Vircon Legal&#8217;in i\u015f hukuku ekibi, \u0130\u015f Hukukunun t\u00fcm temel alanlar\u0131na odaklanmakta ve m\u00fcvekkillerimizin \u00f6zel ihtiya\u00e7lar\u0131na g\u00f6re uyarlanm\u0131\u015f eksiksiz bir i\u015f hukuku dan\u0131\u015fmanl\u0131\u011f\u0131 yelpazesi sunmaktad\u0131r. En karma\u015f\u0131k ve hassas konularda hukuki destek sa\u011fl\u0131yor ve yenilik\u00e7i hukuki \u00e7\u00f6z\u00fcmler \u00fcretiyoruz. Ayr\u0131ca, istihdam hukukuyla ilgili olas\u0131 anla\u015fmazl\u0131klar\u0131 en aza indirmek amac\u0131yla g\u00fc\u00e7l\u00fc [&hellip;]<\/p>\n","protected":false},"author":1,"featured_media":0,"parent":0,"menu_order":0,"comment_status":"closed","ping_status":"closed","template":"","meta":{"footnotes":""},"class_list":["post-7383","page","type-page","status-publish","hentry"],"_links":{"self":[{"href":"https:\/\/virconlegal.com\/tr\/wp-json\/wp\/v2\/pages\/7383","targetHints":{"allow":["GET"]}}],"collection":[{"href":"https:\/\/virconlegal.com\/tr\/wp-json\/wp\/v2\/pages"}],"about":[{"href":"https:\/\/virconlegal.com\/tr\/wp-json\/wp\/v2\/types\/page"}],"author":[{"embeddable":true,"href":"https:\/\/virconlegal.com\/tr\/wp-json\/wp\/v2\/users\/1"}],"replies":[{"embeddable":true,"href":"https:\/\/virconlegal.com\/tr\/wp-json\/wp\/v2\/comments?post=7383"}],"version-history":[{"count":1,"href":"https:\/\/virconlegal.com\/tr\/wp-json\/wp\/v2\/pages\/7383\/revisions"}],"predecessor-version":[{"id":7466,"href":"https:\/\/virconlegal.com\/tr\/wp-json\/wp\/v2\/pages\/7383\/revisions\/7466"}],"wp:attachment":[{"href":"https:\/\/virconlegal.com\/tr\/wp-json\/wp\/v2\/media?parent=7383"}],"curies":[{"name":"wp","href":"https:\/\/api.w.org\/{rel}","templated":true}]}}