{"id":7358,"date":"2022-03-28T11:56:10","date_gmt":"2022-03-28T11:56:10","guid":{"rendered":"https:\/\/virconlegal.com\/startup-hukuku\/"},"modified":"2026-05-11T11:14:28","modified_gmt":"2026-05-11T11:14:28","slug":"startup-hukuku","status":"publish","type":"page","link":"https:\/\/virconlegal.com\/tr\/startup-hukuku\/","title":{"rendered":"Startup Hukuku"},"content":{"rendered":"<style>.elementor-7358 .elementor-element.elementor-element-d40d796 > .elementor-element-populated{margin:0px 0px 0px 0px;--e-column-margin-right:0px;--e-column-margin-left:0px;}.elementor-7358 .elementor-element.elementor-element-b3bf73e > .elementor-widget-container{margin:0px 050px 0px 0px;}<\/style>\t\t<div data-elementor-type=\"wp-page\" data-elementor-id=\"7358\" class=\"elementor elementor-7358\" data-elementor-post-type=\"page\">\n\t\t\t\t\t\t<section class=\"elementor-section elementor-top-section elementor-element elementor-element-6d71e50 elementor-section-boxed elementor-section-height-default elementor-section-height-default\" data-id=\"6d71e50\" data-element_type=\"section\" data-settings=\"{&quot;jet_parallax_layout_list&quot;:[]}\">\n\t\t\t\t\t\t<div class=\"elementor-container elementor-column-gap-default\">\n\t\t\t\t\t<div class=\"elementor-column elementor-col-100 elementor-top-column elementor-element elementor-element-d40d796\" data-id=\"d40d796\" data-element_type=\"column\">\n\t\t\t<div class=\"elementor-widget-wrap elementor-element-populated\">\n\t\t\t\t\t\t<section class=\"elementor-section elementor-inner-section elementor-element elementor-element-4ba4640 elementor-section-boxed elementor-section-height-default elementor-section-height-default\" data-id=\"4ba4640\" data-element_type=\"section\" data-settings=\"{&quot;jet_parallax_layout_list&quot;:[]}\">\n\t\t\t\t\t\t<div class=\"elementor-container elementor-column-gap-default\">\n\t\t\t\t\t<div class=\"elementor-column elementor-col-50 elementor-inner-column elementor-element elementor-element-226997e\" data-id=\"226997e\" data-element_type=\"column\">\n\t\t\t<div class=\"elementor-widget-wrap elementor-element-populated\">\n\t\t\t\t\t\t<div class=\"elementor-element elementor-element-1e676e0 elementor-widget elementor-widget-image\" data-id=\"1e676e0\" data-element_type=\"widget\" data-widget_type=\"image.default\">\n\t\t\t\t<div class=\"elementor-widget-container\">\n\t\t\t\t\t\t\t\t\t\t\t\t\t\t\t<img decoding=\"async\" src=\"https:\/\/virconlegal.com\/wp-content\/plugins\/elementor\/assets\/images\/placeholder.png\" title=\"\" alt=\"\" loading=\"lazy\" \/>\t\t\t\t\t\t\t\t\t\t\t\t\t\t\t<\/div>\n\t\t\t\t<\/div>\n\t\t\t\t\t<\/div>\n\t\t<\/div>\n\t\t\t\t<div class=\"elementor-column elementor-col-50 elementor-inner-column elementor-element elementor-element-1aaf3c0\" data-id=\"1aaf3c0\" data-element_type=\"column\">\n\t\t\t<div class=\"elementor-widget-wrap elementor-element-populated\">\n\t\t\t\t\t\t<div class=\"elementor-element elementor-element-b3bf73e elementor-widget elementor-widget-text-editor\" data-id=\"b3bf73e\" data-element_type=\"widget\" data-widget_type=\"text-editor.default\">\n\t\t\t\t<div class=\"elementor-widget-container\">\n\t\t\t\t\t\t\t\t\t<p>Vircon Legal&#8217;da giri\u015fimci bir ruha sahibiz ve startup ekosisteminin bir par\u00e7as\u0131y\u0131z; bu nedenle ihtiya\u00e7lar\u0131n\u0131z\u0131 ve endi\u015felerinizi anl\u0131yoruz. D\u00fc\u015f\u00fcncelerinize ve hayallerinize, deneyimli bir ticari ve hukuki bak\u0131\u015f a\u00e7\u0131s\u0131yla de\u011fer veriyoruz.<\/p><p> <\/p><p>Kurulu\u015fumuzdan bu yana say\u0131s\u0131z startup ve k\u00fc\u00e7\u00fck i\u015fletmeye b\u00fcy\u00fcme s\u00fcre\u00e7lerinde, hem hukuki hem de pratik konularda dan\u0131\u015fmanl\u0131k vererek destek olduk. Sa\u011flam uzmanl\u0131\u011f\u0131m\u0131z sayesinde, m\u00fcvekkillerimizin ihtiya\u00e7lar\u0131na ya\u015famlar\u0131n\u0131n erken evrelerinden itibaren sorunsuz bi\u00e7imde uyum sa\u011flayabilen bir ekiple 360 derece hukuki destek sunuyoruz.<\/p><p> <\/p><p> <\/p>\t\t\t\t\t\t\t\t<\/div>\n\t\t\t\t<\/div>\n\t\t\t\t\t<\/div>\n\t\t<\/div>\n\t\t\t\t\t<\/div>\n\t\t<\/section>\n\t\t\t\t\t<\/div>\n\t\t<\/div>\n\t\t\t\t\t<\/div>\n\t\t<\/section>\n\t\t\t\t<section class=\"elementor-section elementor-top-section elementor-element elementor-element-4740ee9 elementor-section-boxed elementor-section-height-default elementor-section-height-default\" data-id=\"4740ee9\" data-element_type=\"section\" data-settings=\"{&quot;jet_parallax_layout_list&quot;:[]}\">\n\t\t\t\t\t\t<div class=\"elementor-container elementor-column-gap-default\">\n\t\t\t\t\t<div class=\"elementor-column elementor-col-100 elementor-top-column elementor-element elementor-element-a5a097a\" data-id=\"a5a097a\" data-element_type=\"column\">\n\t\t\t<div class=\"elementor-widget-wrap elementor-element-populated\">\n\t\t\t\t\t\t<div class=\"elementor-element elementor-element-59148c7 elementor-widget elementor-widget-text-editor\" data-id=\"59148c7\" data-element_type=\"widget\" data-widget_type=\"text-editor.default\">\n\t\t\t\t<div class=\"elementor-widget-container\">\n\t\t\t\t\t\t\t\t\t<p>Geli\u015fen \u015eirketler (Emerging Companies) hizmetimiz m\u00fcvekkillerimizin hukuki ihtiya\u00e7lar\u0131na \u00f6zel olarak \u015fekillendirilir ve a\u015fa\u011f\u0131dakileri kapsamakla birlikte bunlarla s\u0131n\u0131rl\u0131 de\u011fildir:<\/p><ul><li>\u0130\u015f fikirlerinin mevzuata uygunlu\u011funun belirlenmesi<\/li><li>\u015eirket kurulu\u015fu &#038; Vergilendirme<\/li><li>\u0130\u015fin geli\u015ftirilmesi ve b\u00fcy\u00fct\u00fclmesi<\/li><li>Yat\u0131r\u0131m planlar\u0131n\u0131n desteklenmesi<\/li><li>Yat\u0131r\u0131m m\u00fczakereleri<\/li><li>Her t\u00fcrl\u00fc s\u00f6zle\u015fmenin haz\u0131rlanmas\u0131 ve m\u00fczakeresi<\/li><li>\u0130\u015f hukuku konular\u0131, fikri m\u00fclkiyet ve di\u011fer kurumsal konular dahil olmak \u00fczere ya\u015fam boyu hukuki dan\u0131\u015fmanl\u0131k deste\u011fi<\/li><\/ul>\t\t\t\t\t\t\t\t<\/div>\n\t\t\t\t<\/div>\n\t\t\t\t\t<\/div>\n\t\t<\/div>\n\t\t\t\t\t<\/div>\n\t\t<\/section>\n\t\t\t\t<\/div>\n\t\t","protected":false},"excerpt":{"rendered":"<p>Vircon Legal&#8217;da giri\u015fimci bir ruha sahibiz ve startup ekosisteminin bir par\u00e7as\u0131y\u0131z; bu nedenle ihtiya\u00e7lar\u0131n\u0131z\u0131 ve endi\u015felerinizi anl\u0131yoruz. D\u00fc\u015f\u00fcncelerinize ve hayallerinize, deneyimli bir ticari ve hukuki bak\u0131\u015f a\u00e7\u0131s\u0131yla de\u011fer veriyoruz. Kurulu\u015fumuzdan bu yana say\u0131s\u0131z startup ve k\u00fc\u00e7\u00fck i\u015fletmeye b\u00fcy\u00fcme s\u00fcre\u00e7lerinde, hem hukuki hem de pratik konularda dan\u0131\u015fmanl\u0131k vererek destek olduk. Sa\u011flam uzmanl\u0131\u011f\u0131m\u0131z sayesinde, m\u00fcvekkillerimizin ihtiya\u00e7lar\u0131na ya\u015famlar\u0131n\u0131n [&hellip;]<\/p>\n","protected":false},"author":1,"featured_media":0,"parent":0,"menu_order":0,"comment_status":"closed","ping_status":"closed","template":"","meta":{"footnotes":""},"class_list":["post-7358","page","type-page","status-publish","hentry"],"_links":{"self":[{"href":"https:\/\/virconlegal.com\/tr\/wp-json\/wp\/v2\/pages\/7358","targetHints":{"allow":["GET"]}}],"collection":[{"href":"https:\/\/virconlegal.com\/tr\/wp-json\/wp\/v2\/pages"}],"about":[{"href":"https:\/\/virconlegal.com\/tr\/wp-json\/wp\/v2\/types\/page"}],"author":[{"embeddable":true,"href":"https:\/\/virconlegal.com\/tr\/wp-json\/wp\/v2\/users\/1"}],"replies":[{"embeddable":true,"href":"https:\/\/virconlegal.com\/tr\/wp-json\/wp\/v2\/comments?post=7358"}],"version-history":[{"count":4,"href":"https:\/\/virconlegal.com\/tr\/wp-json\/wp\/v2\/pages\/7358\/revisions"}],"predecessor-version":[{"id":7555,"href":"https:\/\/virconlegal.com\/tr\/wp-json\/wp\/v2\/pages\/7358\/revisions\/7555"}],"wp:attachment":[{"href":"https:\/\/virconlegal.com\/tr\/wp-json\/wp\/v2\/media?parent=7358"}],"curies":[{"name":"wp","href":"https:\/\/api.w.org\/{rel}","templated":true}]}}