{"id":7357,"date":"2022-03-28T12:09:25","date_gmt":"2022-03-28T12:09:25","guid":{"rendered":"https:\/\/virconlegal.com\/ozel-amacli-araclar\/"},"modified":"2025-12-03T13:16:13","modified_gmt":"2025-12-03T13:16:13","slug":"ozel-amacli-araclar","status":"publish","type":"page","link":"https:\/\/virconlegal.com\/tr\/ozel-amacli-araclar\/","title":{"rendered":"\u00d6zel Ama\u00e7l\u0131 Ara\u00e7lar"},"content":{"rendered":"<style><\/style>\t\t<div data-elementor-type=\"wp-page\" data-elementor-id=\"7357\" class=\"elementor elementor-7357\" data-elementor-post-type=\"page\">\n\t\t\t\t\t\t<section class=\"elementor-section elementor-top-section elementor-element elementor-element-b4b957d elementor-section-boxed elementor-section-height-default elementor-section-height-default\" data-id=\"b4b957d\" data-element_type=\"section\" data-settings=\"{&quot;jet_parallax_layout_list&quot;:[]}\">\n\t\t\t\t\t\t<div class=\"elementor-container elementor-column-gap-default\">\n\t\t\t\t\t<div class=\"elementor-column elementor-col-100 elementor-top-column elementor-element elementor-element-85845c8\" data-id=\"85845c8\" data-element_type=\"column\">\n\t\t\t<div class=\"elementor-widget-wrap elementor-element-populated\">\n\t\t\t\t\t\t<section class=\"elementor-section elementor-inner-section elementor-element elementor-element-c0409f6 elementor-section-boxed elementor-section-height-default elementor-section-height-default\" data-id=\"c0409f6\" data-element_type=\"section\" data-settings=\"{&quot;jet_parallax_layout_list&quot;:[]}\">\n\t\t\t\t\t\t<div class=\"elementor-container elementor-column-gap-default\">\n\t\t\t\t\t<div class=\"elementor-column elementor-col-50 elementor-inner-column elementor-element elementor-element-bdddb3f\" data-id=\"bdddb3f\" data-element_type=\"column\">\n\t\t\t<div class=\"elementor-widget-wrap elementor-element-populated\">\n\t\t\t\t\t\t<div class=\"elementor-element elementor-element-6c6b9b8 elementor-widget elementor-widget-image\" data-id=\"6c6b9b8\" data-element_type=\"widget\" data-widget_type=\"image.default\">\n\t\t\t\t<div class=\"elementor-widget-container\">\n\t\t\t\t\t\t\t\t\t\t\t\t\t\t\t<img decoding=\"async\" src=\"https:\/\/virconlegal.com\/wp-content\/plugins\/elementor\/assets\/images\/placeholder.png\" title=\"\" alt=\"\" loading=\"lazy\" \/>\t\t\t\t\t\t\t\t\t\t\t\t\t\t\t<\/div>\n\t\t\t\t<\/div>\n\t\t\t\t\t<\/div>\n\t\t<\/div>\n\t\t\t\t<div class=\"elementor-column elementor-col-50 elementor-inner-column elementor-element elementor-element-0f7bac2\" data-id=\"0f7bac2\" data-element_type=\"column\">\n\t\t\t<div class=\"elementor-widget-wrap elementor-element-populated\">\n\t\t\t\t\t\t<div class=\"elementor-element elementor-element-902f1c0 elementor-widget elementor-widget-text-editor\" data-id=\"902f1c0\" data-element_type=\"widget\" data-widget_type=\"text-editor.default\">\n\t\t\t\t<div class=\"elementor-widget-container\">\n\t\t\t\t\t\t\t\t\t<p>As Vircon Legal, we provide services on the establishment of the Special Purpose Companies (SPV) and management of relations between assets to ensure risk isolation for various funds and capital assets.\u00a0<\/p><p>\u00a0<\/p><p>With our broad experience and talented team, we support our clients with tailor-made services for credit, assignment, and assurance processes.\u00a0<\/p><p>\u00a0<\/p><p>Our special purpose vehicles service includes, but not limited to, the following:<\/p><ul><li>Establishment of SPVs<\/li><li>Risk minimization of funds and assets\u00a0<\/li><li>Providing tax and corporate advisory\u00a0<\/li><li>Creating legal and business strategy\u00a0<\/li><\/ul>\t\t\t\t\t\t\t\t<\/div>\n\t\t\t\t<\/div>\n\t\t\t\t\t<\/div>\n\t\t<\/div>\n\t\t\t\t\t<\/div>\n\t\t<\/section>\n\t\t\t\t\t<\/div>\n\t\t<\/div>\n\t\t\t\t\t<\/div>\n\t\t<\/section>\n\t\t\t\t<\/div>\n\t\t","protected":false},"excerpt":{"rendered":"<p>Vircon Legal olarak, \u00e7e\u015fitli fonlar ve sermaye varl\u0131klar\u0131 bak\u0131m\u0131ndan riskin tecrit edilmesini (izole edilmesini) sa\u011flamak amac\u0131yla \u00d6zel Ama\u00e7l\u0131 \u015eirketlerin (SPV) kurulmas\u0131 ve varl\u0131klar aras\u0131ndaki ili\u015fkilerin y\u00f6netimi konusunda hukuki hizmet sunmaktay\u0131z. Geni\u015f deneyimimiz ve yetkin ekibimizle, m\u00fcvekkillerimizi kredi, temlik ve teminat s\u00fcre\u00e7lerinde ihtiya\u00e7lar\u0131na \u00f6zel (tailor-made) \u00e7\u00f6z\u00fcmler sunarak desteklemekteyiz. \u00d6zel Ama\u00e7l\u0131 \u015eirketler (SPV) alan\u0131ndaki hizmetlerimiz, a\u015fa\u011f\u0131dakilerle s\u0131n\u0131rl\u0131 [&hellip;]<\/p>\n","protected":false},"author":1,"featured_media":0,"parent":0,"menu_order":0,"comment_status":"closed","ping_status":"closed","template":"","meta":{"footnotes":""},"class_list":["post-7357","page","type-page","status-publish","hentry"],"_links":{"self":[{"href":"https:\/\/virconlegal.com\/tr\/wp-json\/wp\/v2\/pages\/7357","targetHints":{"allow":["GET"]}}],"collection":[{"href":"https:\/\/virconlegal.com\/tr\/wp-json\/wp\/v2\/pages"}],"about":[{"href":"https:\/\/virconlegal.com\/tr\/wp-json\/wp\/v2\/types\/page"}],"author":[{"embeddable":true,"href":"https:\/\/virconlegal.com\/tr\/wp-json\/wp\/v2\/users\/1"}],"replies":[{"embeddable":true,"href":"https:\/\/virconlegal.com\/tr\/wp-json\/wp\/v2\/comments?post=7357"}],"version-history":[{"count":1,"href":"https:\/\/virconlegal.com\/tr\/wp-json\/wp\/v2\/pages\/7357\/revisions"}],"predecessor-version":[{"id":7476,"href":"https:\/\/virconlegal.com\/tr\/wp-json\/wp\/v2\/pages\/7357\/revisions\/7476"}],"wp:attachment":[{"href":"https:\/\/virconlegal.com\/tr\/wp-json\/wp\/v2\/media?parent=7357"}],"curies":[{"name":"wp","href":"https:\/\/api.w.org\/{rel}","templated":true}]}}