{"id":7355,"date":"2022-03-28T11:57:05","date_gmt":"2022-03-28T11:57:05","guid":{"rendered":"https:\/\/virconlegal.com\/kitle-fonlamasi\/"},"modified":"2026-05-11T11:02:29","modified_gmt":"2026-05-11T11:02:29","slug":"kitle-fonlamasi","status":"publish","type":"page","link":"https:\/\/virconlegal.com\/tr\/kitle-fonlamasi\/","title":{"rendered":"Kitle Fonlamas\u0131"},"content":{"rendered":"<style><\/style>\t\t<div data-elementor-type=\"wp-page\" data-elementor-id=\"7355\" class=\"elementor elementor-7355\" data-elementor-post-type=\"page\">\n\t\t\t\t\t\t<section class=\"elementor-section elementor-top-section elementor-element elementor-element-46c6c30 elementor-section-boxed elementor-section-height-default elementor-section-height-default\" data-id=\"46c6c30\" data-element_type=\"section\" data-settings=\"{&quot;jet_parallax_layout_list&quot;:[]}\">\n\t\t\t\t\t\t<div class=\"elementor-container elementor-column-gap-default\">\n\t\t\t\t\t<div class=\"elementor-column elementor-col-100 elementor-top-column elementor-element elementor-element-7a66875\" data-id=\"7a66875\" data-element_type=\"column\">\n\t\t\t<div class=\"elementor-widget-wrap elementor-element-populated\">\n\t\t\t\t\t\t<section class=\"elementor-section elementor-inner-section elementor-element elementor-element-687a850 elementor-section-boxed elementor-section-height-default elementor-section-height-default\" data-id=\"687a850\" data-element_type=\"section\" data-settings=\"{&quot;jet_parallax_layout_list&quot;:[]}\">\n\t\t\t\t\t\t<div class=\"elementor-container elementor-column-gap-default\">\n\t\t\t\t\t<div class=\"elementor-column elementor-col-50 elementor-inner-column elementor-element elementor-element-16c6619\" data-id=\"16c6619\" data-element_type=\"column\">\n\t\t\t<div class=\"elementor-widget-wrap elementor-element-populated\">\n\t\t\t\t\t\t<div class=\"elementor-element elementor-element-30f69ff elementor-widget elementor-widget-text-editor\" data-id=\"30f69ff\" data-element_type=\"widget\" data-widget_type=\"text-editor.default\">\n\t\t\t\t<div class=\"elementor-widget-container\">\n\t\t\t\t\t\t\t\t\t<p>Giri\u015fimcilerin i\u015flerini kurmak ve nakit ak\u0131\u015f\u0131 pozitife d\u00f6nene kadar y\u00fcr\u00fctmek i\u00e7in yeterli sermayeyi bulmakta s\u0131k\u00e7a zorland\u0131\u011f\u0131n\u0131n fark\u0131nday\u0131z. Kitle fonlamas\u0131 alan\u0131ndaki derin uzmanl\u0131\u011f\u0131m\u0131z sayesinde, m\u00fcvekkillerimize kitle fonlamas\u0131 i\u015flemlerinde m\u00fckemmel hizmet sunuyoruz.<\/p><p> <\/p><p>Vircon Legal olarak, hem yat\u0131r\u0131mc\u0131 hem de i\u015fletme m\u00fcvekkillerimize kitle yat\u0131r\u0131m\u0131 i\u015flemlerini ba\u015far\u0131yla tamamlamalar\u0131 i\u00e7in destek sa\u011flamaya haz\u0131r\u0131z.<\/p><p> <\/p><p>Kitle Yat\u0131r\u0131m\u0131 hizmetimiz a\u015fa\u011f\u0131dakileri kapsamakla birlikte bunlarla s\u0131n\u0131rl\u0131 de\u011fildir:<\/p><ul><li>\u0130lgili mevzuata uyum<\/li><li>Kitle fonlamas\u0131 platformlar\u0131n\u0131n kurulmas\u0131<\/li><li>De\u011ferleme \u00f6ncesi konular<\/li><li>De\u011ferleme sonras\u0131 destek konular\u0131<\/li><li>\u0130lgili belge ve prosed\u00fcrlerin haz\u0131rlanmas\u0131<\/li><\/ul>\t\t\t\t\t\t\t\t<\/div>\n\t\t\t\t<\/div>\n\t\t\t\t\t<\/div>\n\t\t<\/div>\n\t\t\t\t<div class=\"elementor-column elementor-col-50 elementor-inner-column elementor-element elementor-element-3b63476\" data-id=\"3b63476\" data-element_type=\"column\">\n\t\t\t<div class=\"elementor-widget-wrap elementor-element-populated\">\n\t\t\t\t\t\t<div class=\"elementor-element elementor-element-7317f2a elementor-widget elementor-widget-image\" data-id=\"7317f2a\" data-element_type=\"widget\" data-widget_type=\"image.default\">\n\t\t\t\t<div class=\"elementor-widget-container\">\n\t\t\t\t\t\t\t\t\t\t\t\t\t\t\t<img decoding=\"async\" src=\"https:\/\/virconlegal.com\/wp-content\/plugins\/elementor\/assets\/images\/placeholder.png\" title=\"\" alt=\"\" loading=\"lazy\" \/>\t\t\t\t\t\t\t\t\t\t\t\t\t\t\t<\/div>\n\t\t\t\t<\/div>\n\t\t\t\t\t<\/div>\n\t\t<\/div>\n\t\t\t\t\t<\/div>\n\t\t<\/section>\n\t\t\t\t\t<\/div>\n\t\t<\/div>\n\t\t\t\t\t<\/div>\n\t\t<\/section>\n\t\t\t\t<\/div>\n\t\t","protected":false},"excerpt":{"rendered":"<p>Giri\u015fimcilerin i\u015flerini kurmak ve nakit ak\u0131\u015f\u0131 pozitife d\u00f6nene kadar y\u00fcr\u00fctmek i\u00e7in yeterli sermayeyi bulmakta s\u0131k\u00e7a zorland\u0131\u011f\u0131n\u0131n fark\u0131nday\u0131z. Kitle fonlamas\u0131 alan\u0131ndaki derin uzmanl\u0131\u011f\u0131m\u0131z sayesinde, m\u00fcvekkillerimize kitle fonlamas\u0131 i\u015flemlerinde m\u00fckemmel hizmet sunuyoruz. Vircon Legal olarak, hem yat\u0131r\u0131mc\u0131 hem de i\u015fletme m\u00fcvekkillerimize kitle yat\u0131r\u0131m\u0131 i\u015flemlerini ba\u015far\u0131yla tamamlamalar\u0131 i\u00e7in destek sa\u011flamaya haz\u0131r\u0131z. Kitle Yat\u0131r\u0131m\u0131 hizmetimiz a\u015fa\u011f\u0131dakileri kapsamakla birlikte bunlarla [&hellip;]<\/p>\n","protected":false},"author":1,"featured_media":0,"parent":0,"menu_order":0,"comment_status":"closed","ping_status":"closed","template":"","meta":{"footnotes":""},"class_list":["post-7355","page","type-page","status-publish","hentry"],"_links":{"self":[{"href":"https:\/\/virconlegal.com\/tr\/wp-json\/wp\/v2\/pages\/7355","targetHints":{"allow":["GET"]}}],"collection":[{"href":"https:\/\/virconlegal.com\/tr\/wp-json\/wp\/v2\/pages"}],"about":[{"href":"https:\/\/virconlegal.com\/tr\/wp-json\/wp\/v2\/types\/page"}],"author":[{"embeddable":true,"href":"https:\/\/virconlegal.com\/tr\/wp-json\/wp\/v2\/users\/1"}],"replies":[{"embeddable":true,"href":"https:\/\/virconlegal.com\/tr\/wp-json\/wp\/v2\/comments?post=7355"}],"version-history":[{"count":4,"href":"https:\/\/virconlegal.com\/tr\/wp-json\/wp\/v2\/pages\/7355\/revisions"}],"predecessor-version":[{"id":7540,"href":"https:\/\/virconlegal.com\/tr\/wp-json\/wp\/v2\/pages\/7355\/revisions\/7540"}],"wp:attachment":[{"href":"https:\/\/virconlegal.com\/tr\/wp-json\/wp\/v2\/media?parent=7355"}],"curies":[{"name":"wp","href":"https:\/\/api.w.org\/{rel}","templated":true}]}}