{"id":7354,"date":"2022-03-28T12:08:34","date_gmt":"2022-03-28T12:08:34","guid":{"rendered":"https:\/\/virconlegal.com\/sirket-yeniden-yapilandirmasi\/"},"modified":"2025-12-03T13:10:04","modified_gmt":"2025-12-03T13:10:04","slug":"sirket-yeniden-yapilandirmasi","status":"publish","type":"page","link":"https:\/\/virconlegal.com\/tr\/sirket-yeniden-yapilandirmasi\/","title":{"rendered":"\u015eirket Yeniden Yap\u0131land\u0131rmas\u0131"},"content":{"rendered":"<style>.elementor-7354 .elementor-element.elementor-element-ee03d88 > .elementor-widget-container{margin:010px 0px 0px 0px;}.elementor-7354 .elementor-element.elementor-element-ee03d88{font-family:\"Poppins\", Sans-serif;}<\/style>\t\t<div data-elementor-type=\"wp-page\" data-elementor-id=\"7354\" class=\"elementor elementor-7354\" data-elementor-post-type=\"page\">\n\t\t\t\t\t\t<section class=\"elementor-section elementor-top-section elementor-element elementor-element-100b8fb elementor-section-boxed elementor-section-height-default elementor-section-height-default\" data-id=\"100b8fb\" data-element_type=\"section\" data-settings=\"{&quot;jet_parallax_layout_list&quot;:[]}\">\n\t\t\t\t\t\t<div class=\"elementor-container elementor-column-gap-default\">\n\t\t\t\t\t<div class=\"elementor-column elementor-col-100 elementor-top-column elementor-element elementor-element-a4364ea\" data-id=\"a4364ea\" data-element_type=\"column\">\n\t\t\t<div class=\"elementor-widget-wrap elementor-element-populated\">\n\t\t\t\t\t\t<section class=\"elementor-section elementor-inner-section elementor-element elementor-element-69cd966 elementor-section-boxed elementor-section-height-default elementor-section-height-default\" data-id=\"69cd966\" data-element_type=\"section\" data-settings=\"{&quot;jet_parallax_layout_list&quot;:[]}\">\n\t\t\t\t\t\t<div class=\"elementor-container elementor-column-gap-default\">\n\t\t\t\t\t<div class=\"elementor-column elementor-col-50 elementor-inner-column elementor-element elementor-element-9766ae4\" data-id=\"9766ae4\" data-element_type=\"column\">\n\t\t\t<div class=\"elementor-widget-wrap elementor-element-populated\">\n\t\t\t\t\t\t<div class=\"elementor-element elementor-element-ee03d88 elementor-widget elementor-widget-text-editor\" data-id=\"ee03d88\" data-element_type=\"widget\" data-widget_type=\"text-editor.default\">\n\t\t\t\t<div class=\"elementor-widget-container\">\n\t\t\t\t\t\t\t\t\t<p>In order to reorganize our clients\u2019 business structure and assist them in financially caused legal distress, we have the necessary range of legal and commercial skills and varied expertise from different practice areas.<\/p><p>\u00a0<\/p><p>We offer legal advisory to the troubled companies, boards of directors, management, owners, creditors, and investors in the full spectrum of all restructuring transactions, including financial recapitalizations, business reorganizations, liquidations, and acquisitions.<\/p>\t\t\t\t\t\t\t\t<\/div>\n\t\t\t\t<\/div>\n\t\t\t\t\t<\/div>\n\t\t<\/div>\n\t\t\t\t<div class=\"elementor-column elementor-col-50 elementor-inner-column elementor-element elementor-element-777cd15\" data-id=\"777cd15\" data-element_type=\"column\">\n\t\t\t<div class=\"elementor-widget-wrap elementor-element-populated\">\n\t\t\t\t\t\t<div class=\"elementor-element elementor-element-f0d95d6 elementor-widget elementor-widget-image\" data-id=\"f0d95d6\" data-element_type=\"widget\" data-widget_type=\"image.default\">\n\t\t\t\t<div class=\"elementor-widget-container\">\n\t\t\t\t\t\t\t\t\t\t\t\t\t\t\t<img decoding=\"async\" src=\"https:\/\/virconlegal.com\/wp-content\/plugins\/elementor\/assets\/images\/placeholder.png\" title=\"\" alt=\"\" loading=\"lazy\" \/>\t\t\t\t\t\t\t\t\t\t\t\t\t\t\t<\/div>\n\t\t\t\t<\/div>\n\t\t\t\t\t<\/div>\n\t\t<\/div>\n\t\t\t\t\t<\/div>\n\t\t<\/section>\n\t\t\t\t\t<\/div>\n\t\t<\/div>\n\t\t\t\t\t<\/div>\n\t\t<\/section>\n\t\t\t\t<section class=\"elementor-section elementor-top-section elementor-element elementor-element-a868a0d elementor-section-boxed elementor-section-height-default elementor-section-height-default\" data-id=\"a868a0d\" data-element_type=\"section\" data-settings=\"{&quot;jet_parallax_layout_list&quot;:[]}\">\n\t\t\t\t\t\t<div class=\"elementor-container elementor-column-gap-default\">\n\t\t\t\t\t<div class=\"elementor-column elementor-col-100 elementor-top-column elementor-element elementor-element-9443603\" data-id=\"9443603\" data-element_type=\"column\">\n\t\t\t<div class=\"elementor-widget-wrap elementor-element-populated\">\n\t\t\t\t\t\t<div class=\"elementor-element elementor-element-f5bca0f elementor-widget elementor-widget-text-editor\" data-id=\"f5bca0f\" data-element_type=\"widget\" data-widget_type=\"text-editor.default\">\n\t\t\t\t<div class=\"elementor-widget-container\">\n\t\t\t\t\t\t\t\t\t<p>We provide innovative solutions to our clients involved in distressed company situations, allowing clients to enhance value, minimize costs and properly position themselves for the future.<\/p><p>\u00a0<\/p><p>Our company restructuring service is customized for our clients\u2019 legal needs and including, but not limited to, the following:<\/p><p>\u00a0<\/p><ul><li>Distress-related resources such as litigation, tax, finance, benefits, and M&amp;A<\/li><li>Enabling to see the entire picture and offering valuable perspectives<\/li><li>Restructuring experience in all major industries<\/li><li>Risk management\u00a0<\/li><\/ul>\t\t\t\t\t\t\t\t<\/div>\n\t\t\t\t<\/div>\n\t\t\t\t\t<\/div>\n\t\t<\/div>\n\t\t\t\t\t<\/div>\n\t\t<\/section>\n\t\t\t\t<\/div>\n\t\t","protected":false},"excerpt":{"rendered":"<p>M\u00fcvekkillerimizin i\u015f yap\u0131lar\u0131n\u0131 yeniden organize etmek ve finansal kaynakl\u0131 hukuki s\u0131k\u0131nt\u0131lar\u0131yla ba\u015fa \u00e7\u0131kmalar\u0131na yard\u0131mc\u0131 olmak amac\u0131yla, farkl\u0131 uygulama alanlar\u0131ndan gelen \u00e7e\u015fitli uzmanl\u0131klar\u0131m\u0131z ile gerekli hukuki ve ticari yetkinliklere sahibiz. Sorunlu \u015firketlere, y\u00f6netim kurullar\u0131na, y\u00f6netime, sahiplere, alacakl\u0131lara ve yat\u0131r\u0131mc\u0131lara, finansal yeniden sermayelendirmeler, ticari yeniden yap\u0131lanmalar, tasfiyeler ve devralmalar dahil olmak \u00fczere t\u00fcm yeniden yap\u0131land\u0131rma i\u015flemlerinde hukuki [&hellip;]<\/p>\n","protected":false},"author":1,"featured_media":0,"parent":0,"menu_order":0,"comment_status":"closed","ping_status":"closed","template":"","meta":{"footnotes":""},"class_list":["post-7354","page","type-page","status-publish","hentry"],"_links":{"self":[{"href":"https:\/\/virconlegal.com\/tr\/wp-json\/wp\/v2\/pages\/7354","targetHints":{"allow":["GET"]}}],"collection":[{"href":"https:\/\/virconlegal.com\/tr\/wp-json\/wp\/v2\/pages"}],"about":[{"href":"https:\/\/virconlegal.com\/tr\/wp-json\/wp\/v2\/types\/page"}],"author":[{"embeddable":true,"href":"https:\/\/virconlegal.com\/tr\/wp-json\/wp\/v2\/users\/1"}],"replies":[{"embeddable":true,"href":"https:\/\/virconlegal.com\/tr\/wp-json\/wp\/v2\/comments?post=7354"}],"version-history":[{"count":1,"href":"https:\/\/virconlegal.com\/tr\/wp-json\/wp\/v2\/pages\/7354\/revisions"}],"predecessor-version":[{"id":7464,"href":"https:\/\/virconlegal.com\/tr\/wp-json\/wp\/v2\/pages\/7354\/revisions\/7464"}],"wp:attachment":[{"href":"https:\/\/virconlegal.com\/tr\/wp-json\/wp\/v2\/media?parent=7354"}],"curies":[{"name":"wp","href":"https:\/\/api.w.org\/{rel}","templated":true}]}}