{"id":7346,"date":"2022-03-28T11:50:07","date_gmt":"2022-03-28T11:50:07","guid":{"rendered":"https:\/\/virconlegal.com\/gizlilik-ve-siber-guvenlik\/"},"modified":"2026-05-11T10:59:53","modified_gmt":"2026-05-11T10:59:53","slug":"gizlilik-ve-siber-guvenlik","status":"publish","type":"page","link":"https:\/\/virconlegal.com\/tr\/gizlilik-ve-siber-guvenlik\/","title":{"rendered":"Gizlilik ve Siber G\u00fcvenlik"},"content":{"rendered":"<style>.elementor-7346 .elementor-element.elementor-element-3433a2c img{width:100%;max-width:100%;height:301px;}<\/style>\t\t<div data-elementor-type=\"wp-page\" data-elementor-id=\"7346\" class=\"elementor elementor-7346\" data-elementor-post-type=\"page\">\n\t\t\t\t\t\t<section class=\"elementor-section elementor-top-section elementor-element elementor-element-8b6b3b9 elementor-section-boxed elementor-section-height-default elementor-section-height-default\" data-id=\"8b6b3b9\" data-element_type=\"section\" data-settings=\"{&quot;jet_parallax_layout_list&quot;:[]}\">\n\t\t\t\t\t\t<div class=\"elementor-container elementor-column-gap-default\">\n\t\t\t\t\t<div class=\"elementor-column elementor-col-100 elementor-top-column elementor-element elementor-element-1363bf2\" data-id=\"1363bf2\" data-element_type=\"column\">\n\t\t\t<div class=\"elementor-widget-wrap elementor-element-populated\">\n\t\t\t\t\t\t<div class=\"elementor-element elementor-element-ea39e1f elementor-widget elementor-widget-text-editor\" data-id=\"ea39e1f\" data-element_type=\"widget\" data-widget_type=\"text-editor.default\">\n\t\t\t\t<div class=\"elementor-widget-container\">\n\t\t\t\t\t\t\t\t\t<p>Vircon Legal olarak, veri koruma ve gizlili\u011fin hem yerli hem de uluslararas\u0131 \u015firketler i\u00e7in ne denli kritik bir konu h\u00e2line geldi\u011finin fark\u0131nday\u0131z. M\u00fcvekkillerimize \u00f6zellikle in\u015faat, enerji, perakende, turizm, teknoloji, oyun, yaz\u0131l\u0131m, pazarlama gibi sekt\u00f6rlerde; verinin toplanmas\u0131, i\u015flenmesi, a\u00e7\u0131klanmas\u0131 ve s\u0131n\u0131r \u00f6tesi aktar\u0131m\u0131n\u0131 kapsayan geni\u015f bir yelpazede dan\u0131\u015fmanl\u0131k veriyoruz.<\/p>\t\t\t\t\t\t\t\t<\/div>\n\t\t\t\t<\/div>\n\t\t\t\t\t<\/div>\n\t\t<\/div>\n\t\t\t\t\t<\/div>\n\t\t<\/section>\n\t\t\t\t<section class=\"elementor-section elementor-top-section elementor-element elementor-element-63569c8 elementor-section-boxed elementor-section-height-default elementor-section-height-default\" data-id=\"63569c8\" data-element_type=\"section\" data-settings=\"{&quot;jet_parallax_layout_list&quot;:[]}\">\n\t\t\t\t\t\t<div class=\"elementor-container elementor-column-gap-default\">\n\t\t\t\t\t<div class=\"elementor-column elementor-col-100 elementor-top-column elementor-element elementor-element-d99f8a2\" data-id=\"d99f8a2\" data-element_type=\"column\">\n\t\t\t<div class=\"elementor-widget-wrap elementor-element-populated\">\n\t\t\t\t\t\t<div class=\"elementor-element elementor-element-3433a2c elementor-widget elementor-widget-image\" data-id=\"3433a2c\" data-element_type=\"widget\" data-widget_type=\"image.default\">\n\t\t\t\t<div class=\"elementor-widget-container\">\n\t\t\t\t\t\t\t\t\t\t\t\t\t\t\t<img decoding=\"async\" src=\"https:\/\/virconlegal.com\/wp-content\/plugins\/elementor\/assets\/images\/placeholder.png\" title=\"\" alt=\"\" loading=\"lazy\" \/>\t\t\t\t\t\t\t\t\t\t\t\t\t\t\t<\/div>\n\t\t\t\t<\/div>\n\t\t\t\t\t<\/div>\n\t\t<\/div>\n\t\t\t\t\t<\/div>\n\t\t<\/section>\n\t\t\t\t<section class=\"elementor-section elementor-top-section elementor-element elementor-element-2890ec7 elementor-section-boxed elementor-section-height-default elementor-section-height-default\" data-id=\"2890ec7\" data-element_type=\"section\" data-settings=\"{&quot;jet_parallax_layout_list&quot;:[]}\">\n\t\t\t\t\t\t<div class=\"elementor-container elementor-column-gap-default\">\n\t\t\t\t\t<div class=\"elementor-column elementor-col-100 elementor-top-column elementor-element elementor-element-aba600e\" data-id=\"aba600e\" data-element_type=\"column\">\n\t\t\t<div class=\"elementor-widget-wrap elementor-element-populated\">\n\t\t\t\t\t\t<div class=\"elementor-element elementor-element-4174173 elementor-widget elementor-widget-text-editor\" data-id=\"4174173\" data-element_type=\"widget\" data-widget_type=\"text-editor.default\">\n\t\t\t\t<div class=\"elementor-widget-container\">\n\t\t\t\t\t\t\t\t\t<p>Derin uzmanl\u0131\u011f\u0131m\u0131z ve sertifikal\u0131 ekip \u00fcyelerimizle m\u00fcvekkillerimize web sitesi gizlilik politikalar\u0131, \u015firket belgeleri ile kurumsal veri koruma &#038; gizlilik politikalar\u0131n\u0131n ve uygulamalar\u0131n\u0131n haz\u0131rlanmas\u0131, uyarlanmas\u0131 ve hayata ge\u00e7irilmesinde destek oluyoruz; uyum analizi, risk y\u00f6netimi ve adli incelemeler i\u00e7in hukuki destek sa\u011fl\u0131yoruz.<\/p><p> <\/p><p>Gizlilik ve Siber G\u00fcvenlik hizmetimiz a\u015fa\u011f\u0131dakileri kapsamakla birlikte bunlarla s\u0131n\u0131rl\u0131 de\u011fildir:<\/p><ul><li>Veri Koruma<\/li><li>\u015eirket i\u00e7i yetki matrisleri<\/li><li>Mevzuata Uyum<\/li><li>Bili\u015fim ve internetle ilgili konular<\/li><li>E-Ticaret i\u015flemleri<\/li><li>Reklam, pazarlama ve sosyal medyaya ili\u015fkin konular<\/li><li>Yeni nesil e-\u00f6deme sistemleri<\/li><\/ul>\t\t\t\t\t\t\t\t<\/div>\n\t\t\t\t<\/div>\n\t\t\t\t\t<\/div>\n\t\t<\/div>\n\t\t\t\t\t<\/div>\n\t\t<\/section>\n\t\t\t\t<\/div>\n\t\t","protected":false},"excerpt":{"rendered":"<p>Vircon Legal olarak, veri koruma ve gizlili\u011fin hem yerli hem de uluslararas\u0131 \u015firketler i\u00e7in ne denli kritik bir konu h\u00e2line geldi\u011finin fark\u0131nday\u0131z. M\u00fcvekkillerimize \u00f6zellikle in\u015faat, enerji, perakende, turizm, teknoloji, oyun, yaz\u0131l\u0131m, pazarlama gibi sekt\u00f6rlerde; verinin toplanmas\u0131, i\u015flenmesi, a\u00e7\u0131klanmas\u0131 ve s\u0131n\u0131r \u00f6tesi aktar\u0131m\u0131n\u0131 kapsayan geni\u015f bir yelpazede dan\u0131\u015fmanl\u0131k veriyoruz. Derin uzmanl\u0131\u011f\u0131m\u0131z ve sertifikal\u0131 ekip \u00fcyelerimizle m\u00fcvekkillerimize [&hellip;]<\/p>\n","protected":false},"author":1,"featured_media":0,"parent":0,"menu_order":0,"comment_status":"closed","ping_status":"closed","template":"","meta":{"footnotes":""},"class_list":["post-7346","page","type-page","status-publish","hentry"],"_links":{"self":[{"href":"https:\/\/virconlegal.com\/tr\/wp-json\/wp\/v2\/pages\/7346","targetHints":{"allow":["GET"]}}],"collection":[{"href":"https:\/\/virconlegal.com\/tr\/wp-json\/wp\/v2\/pages"}],"about":[{"href":"https:\/\/virconlegal.com\/tr\/wp-json\/wp\/v2\/types\/page"}],"author":[{"embeddable":true,"href":"https:\/\/virconlegal.com\/tr\/wp-json\/wp\/v2\/users\/1"}],"replies":[{"embeddable":true,"href":"https:\/\/virconlegal.com\/tr\/wp-json\/wp\/v2\/comments?post=7346"}],"version-history":[{"count":3,"href":"https:\/\/virconlegal.com\/tr\/wp-json\/wp\/v2\/pages\/7346\/revisions"}],"predecessor-version":[{"id":7534,"href":"https:\/\/virconlegal.com\/tr\/wp-json\/wp\/v2\/pages\/7346\/revisions\/7534"}],"wp:attachment":[{"href":"https:\/\/virconlegal.com\/tr\/wp-json\/wp\/v2\/media?parent=7346"}],"curies":[{"name":"wp","href":"https:\/\/api.w.org\/{rel}","templated":true}]}}