{"id":7345,"date":"2022-03-31T07:55:53","date_gmt":"2022-03-31T07:55:53","guid":{"rendered":"https:\/\/virconlegal.com\/metaverse-game-studios\/"},"modified":"2022-03-31T07:55:53","modified_gmt":"2022-03-31T07:55:53","slug":"metaverse-game-studios","status":"publish","type":"page","link":"https:\/\/virconlegal.com\/tr\/metaverse-game-studios\/","title":{"rendered":"Metaverse Game Studios"},"content":{"rendered":"<style>.elementor-7345 .elementor-element.elementor-element-a855786:not(.elementor-motion-effects-element-type-background), .elementor-7345 .elementor-element.elementor-element-a855786 > .elementor-motion-effects-container > .elementor-motion-effects-layer{background-color:var( --e-global-color-3c63d97 );}.elementor-7345 .elementor-element.elementor-element-a855786 > .elementor-container{min-height:410px;}.elementor-7345 .elementor-element.elementor-element-a855786{transition:background 0.3s, border 0.3s, border-radius 0.3s, box-shadow 0.3s;margin-top:-6em;margin-bottom:0em;}.elementor-7345 .elementor-element.elementor-element-a855786 > .elementor-background-overlay{transition:background 0.3s, border-radius 0.3s, opacity 0.3s;}.elementor-7345 .elementor-element.elementor-element-a2fdd81 > .elementor-widget-wrap > .elementor-widget:not(.elementor-widget__width-auto):not(.elementor-widget__width-initial):not(:last-child):not(.elementor-absolute){margin-bottom:0px;}.elementor-7345 .elementor-element.elementor-element-0125241 .elementor-heading-title{font-family:\"Inter Tight\", Sans-serif;font-size:14px;font-weight:500;color:var( --e-global-color-6c301e5 );}.elementor-7345 .elementor-element.elementor-element-73c4892 .elementor-heading-title{font-family:\"Inter Tight\", Sans-serif;color:var( --e-global-color-18f01eb );}.elementor-7345 .elementor-element.elementor-element-0161b6e > .elementor-widget-container{margin:0px 0px 0px 010px;}.elementor-7345 .elementor-element.elementor-element-0161b6e{font-family:\"Inter\", Sans-serif;color:var( --e-global-color-fc3df75 );}.elementor-7345 .elementor-element.elementor-element-74ff006 > .elementor-widget-container{margin:0px 0px 0px 010px;}.elementor-7345 .elementor-element.elementor-element-74ff006{font-family:\"Inter\", Sans-serif;color:var( --e-global-color-fc3df75 );}@media(max-width:767px){.elementor-7345 .elementor-element.elementor-element-a855786{margin-top:-12em;margin-bottom:0em;}}<\/style>\t\t<div data-elementor-type=\"wp-page\" data-elementor-id=\"7345\" class=\"elementor elementor-7345\" data-elementor-post-type=\"page\">\n\t\t\t\t\t\t<section class=\"elementor-section elementor-top-section elementor-element elementor-element-a855786 elementor-section-height-min-height elementor-section-boxed elementor-section-height-default elementor-section-items-middle\" data-id=\"a855786\" data-element_type=\"section\" data-settings=\"{&quot;background_background&quot;:&quot;classic&quot;,&quot;jet_parallax_layout_list&quot;:[]}\">\n\t\t\t\t\t\t<div class=\"elementor-container elementor-column-gap-default\">\n\t\t\t\t\t<div class=\"elementor-column elementor-col-100 elementor-top-column elementor-element elementor-element-a2fdd81\" data-id=\"a2fdd81\" data-element_type=\"column\">\n\t\t\t<div class=\"elementor-widget-wrap elementor-element-populated\">\n\t\t\t\t\t\t<div class=\"elementor-element elementor-element-0125241 elementor-widget elementor-widget-heading\" data-id=\"0125241\" data-element_type=\"widget\" data-widget_type=\"heading.default\">\n\t\t\t\t<div class=\"elementor-widget-container\">\n\t\t\t\t\t<span class=\"elementor-heading-title elementor-size-default\">Success Story<\/span>\t\t\t\t<\/div>\n\t\t\t\t<\/div>\n\t\t\t\t<div class=\"elementor-element elementor-element-73c4892 elementor-widget elementor-widget-heading\" data-id=\"73c4892\" data-element_type=\"widget\" data-widget_type=\"heading.default\">\n\t\t\t\t<div class=\"elementor-widget-container\">\n\t\t\t\t\t<h2 class=\"elementor-heading-title elementor-size-default\">Metaverse Game Studios<\/h2>\t\t\t\t<\/div>\n\t\t\t\t<\/div>\n\t\t\t\t\t<\/div>\n\t\t<\/div>\n\t\t\t\t\t<\/div>\n\t\t<\/section>\n\t\t\t\t<section class=\"elementor-section elementor-top-section elementor-element elementor-element-c13c7ea elementor-section-boxed elementor-section-height-default elementor-section-height-default\" data-id=\"c13c7ea\" data-element_type=\"section\" data-settings=\"{&quot;jet_parallax_layout_list&quot;:[]}\">\n\t\t\t\t\t\t<div class=\"elementor-container elementor-column-gap-default\">\n\t\t\t\t\t<div class=\"elementor-column elementor-col-100 elementor-top-column elementor-element elementor-element-526191f\" data-id=\"526191f\" data-element_type=\"column\">\n\t\t\t<div class=\"elementor-widget-wrap elementor-element-populated\">\n\t\t\t\t\t\t<section class=\"elementor-section elementor-inner-section elementor-element elementor-element-837b97a elementor-section-boxed elementor-section-height-default elementor-section-height-default\" data-id=\"837b97a\" data-element_type=\"section\" data-settings=\"{&quot;jet_parallax_layout_list&quot;:[]}\">\n\t\t\t\t\t\t<div class=\"elementor-container elementor-column-gap-default\">\n\t\t\t\t\t<div class=\"elementor-column elementor-col-50 elementor-inner-column elementor-element elementor-element-26e5f99\" data-id=\"26e5f99\" data-element_type=\"column\">\n\t\t\t<div class=\"elementor-widget-wrap elementor-element-populated\">\n\t\t\t\t\t\t<div class=\"elementor-element elementor-element-0161b6e elementor-widget elementor-widget-text-editor\" data-id=\"0161b6e\" data-element_type=\"widget\" data-widget_type=\"text-editor.default\">\n\t\t\t\t<div class=\"elementor-widget-container\">\n\t\t\t\t\t\t\t\t\t<p>Metaverse Gaming Studios is a gaming studio which is led by industry veterans. The team created sector pioneers such as League of Legends, Crytek, Farcry, and Halo3. They have exit experience in the acquisition by Ubisoft, Microsoft, Mail.Ru, and Peak Games. They brought their expertise in the field and created Angelic which is a gamer-first blockchain game that can both be played single and multiplayer. They differentiated themselves with immersive gaming experience, play-to-earn mechanics, and such mesmerizing lore.<\/p>\t\t\t\t\t\t\t\t<\/div>\n\t\t\t\t<\/div>\n\t\t\t\t\t<\/div>\n\t\t<\/div>\n\t\t\t\t<div class=\"elementor-column elementor-col-50 elementor-inner-column elementor-element elementor-element-3135ddf\" data-id=\"3135ddf\" data-element_type=\"column\">\n\t\t\t<div class=\"elementor-widget-wrap elementor-element-populated\">\n\t\t\t\t\t\t<div class=\"elementor-element elementor-element-d1bdc64 elementor-widget elementor-widget-image\" data-id=\"d1bdc64\" data-element_type=\"widget\" data-widget_type=\"image.default\">\n\t\t\t\t<div class=\"elementor-widget-container\">\n\t\t\t\t\t\t\t\t\t\t\t\t\t\t\t<img fetchpriority=\"high\" decoding=\"async\" width=\"680\" height=\"383\" src=\"https:\/\/virconlegal.com\/wp-content\/uploads\/2022\/03\/src_600x338angelic-the-game-oyunu-ilgi-goruyor.jpeg\" class=\"attachment-large size-large wp-image-1140\" alt=\"\" srcset=\"https:\/\/virconlegal.com\/wp-content\/uploads\/2022\/03\/src_600x338angelic-the-game-oyunu-ilgi-goruyor.jpeg 680w, https:\/\/virconlegal.com\/wp-content\/uploads\/2022\/03\/src_600x338angelic-the-game-oyunu-ilgi-goruyor-300x169.jpeg 300w\" sizes=\"(max-width: 680px) 100vw, 680px\" \/>\t\t\t\t\t\t\t\t\t\t\t\t\t\t\t<\/div>\n\t\t\t\t<\/div>\n\t\t\t\t\t<\/div>\n\t\t<\/div>\n\t\t\t\t\t<\/div>\n\t\t<\/section>\n\t\t\t\t\t<\/div>\n\t\t<\/div>\n\t\t\t\t\t<\/div>\n\t\t<\/section>\n\t\t\t\t<section class=\"elementor-section elementor-top-section elementor-element elementor-element-741a826 elementor-section-boxed elementor-section-height-default elementor-section-height-default\" data-id=\"741a826\" data-element_type=\"section\" data-settings=\"{&quot;jet_parallax_layout_list&quot;:[]}\">\n\t\t\t\t\t\t<div class=\"elementor-container elementor-column-gap-default\">\n\t\t\t\t\t<div class=\"elementor-column elementor-col-100 elementor-top-column elementor-element elementor-element-4039223\" data-id=\"4039223\" data-element_type=\"column\">\n\t\t\t<div class=\"elementor-widget-wrap elementor-element-populated\">\n\t\t\t\t\t\t<div class=\"elementor-element elementor-element-74ff006 elementor-widget elementor-widget-text-editor\" data-id=\"74ff006\" data-element_type=\"widget\" data-widget_type=\"text-editor.default\">\n\t\t\t\t<div class=\"elementor-widget-container\">\n\t\t\t\t\t\t\t\t\t<p><strong>Challenge<br \/><br \/><\/strong>Angelic attracted lots of attention from investors all around the world. They were going to raise $10 M from 43 investors including Pantera, Animoca, Every Realm, Solana Ventures. Angelic owned several companies in the world. Building the best structure in terms of compliance, risk mitigation, and taxation, creating a Simple Agreement for Future Token (SAFT) that can be accepted by industry giants from different jurisdictions in a short period of time was the challenge.<\/p><p>\u00a0<\/p><p><strong>Solution<br \/><\/strong><br \/>We joined the team as their of counsel. Together with the team, we created, and implemented their token distribution strategy evaluating compliance, legal and tax issues. We prepared several versions of SAFTs for the possible needs of investors. We negotiated 108 agreements in less than 20 days.<\/p><p>\u00a0<\/p><p><strong>Impact<br \/><\/strong><br \/>Metaverse team focused on investor relationships while Vircon Legal was handling the legal negotiations. Metaverse Game Studios raised USD 10 M with future token sales in a short period of time from the industry giants which was an unprecedent success since it is a new legal field and SAFTs are new instruments. We can confidentially say 40+ investors in less than a month is our personal record!<\/p>\t\t\t\t\t\t\t\t<\/div>\n\t\t\t\t<\/div>\n\t\t\t\t\t<\/div>\n\t\t<\/div>\n\t\t\t\t\t<\/div>\n\t\t<\/section>\n\t\t\t\t<\/div>\n\t\t","protected":false},"excerpt":{"rendered":"<p>Ba\u015far\u0131 \u00d6yk\u00fcs\u00fc Metaverse Game Studios Metaverse Gaming Studios, sekt\u00f6r\u00fcn deneyimli isimleri taraf\u0131ndan y\u00f6netilen bir oyun st\u00fcdyosudur. Ekip; League of Legends, Crytek, Far Cry ve Halo 3 gibi sekt\u00f6r \u00f6nc\u00fcs\u00fc oyunlar\u0131n yarat\u0131lmas\u0131nda rol alm\u0131\u015ft\u0131r. Ubisoft, Microsoft, Mail.Ru ve Peak Games taraf\u0131ndan ger\u00e7ekle\u015ftirilen sat\u0131n almalarda (exit s\u00fcre\u00e7lerinde) \u00f6nemli deneyime sahiptirler. Sahip olduklar\u0131 uzmanl\u0131\u011f\u0131 bir ad\u0131m ileri ta\u015f\u0131yarak, [&hellip;]<\/p>\n","protected":false},"author":1,"featured_media":0,"parent":0,"menu_order":0,"comment_status":"closed","ping_status":"closed","template":"","meta":{"footnotes":""},"class_list":["post-7345","page","type-page","status-publish","hentry"],"_links":{"self":[{"href":"https:\/\/virconlegal.com\/tr\/wp-json\/wp\/v2\/pages\/7345","targetHints":{"allow":["GET"]}}],"collection":[{"href":"https:\/\/virconlegal.com\/tr\/wp-json\/wp\/v2\/pages"}],"about":[{"href":"https:\/\/virconlegal.com\/tr\/wp-json\/wp\/v2\/types\/page"}],"author":[{"embeddable":true,"href":"https:\/\/virconlegal.com\/tr\/wp-json\/wp\/v2\/users\/1"}],"replies":[{"embeddable":true,"href":"https:\/\/virconlegal.com\/tr\/wp-json\/wp\/v2\/comments?post=7345"}],"version-history":[{"count":0,"href":"https:\/\/virconlegal.com\/tr\/wp-json\/wp\/v2\/pages\/7345\/revisions"}],"wp:attachment":[{"href":"https:\/\/virconlegal.com\/tr\/wp-json\/wp\/v2\/media?parent=7345"}],"curies":[{"name":"wp","href":"https:\/\/api.w.org\/{rel}","templated":true}]}}