{"id":7343,"date":"2022-03-31T08:08:56","date_gmt":"2022-03-31T08:08:56","guid":{"rendered":"https:\/\/virconlegal.com\/loop-games-ve-pethereum\/"},"modified":"2025-11-24T19:05:42","modified_gmt":"2025-11-24T19:05:42","slug":"loop-games-ve-pethereum","status":"publish","type":"page","link":"https:\/\/virconlegal.com\/tr\/loop-games-ve-pethereum\/","title":{"rendered":"Loop Games ve Pethereum"},"content":{"rendered":"<style>.elementor-7343 .elementor-element.elementor-element-b1ccf43:not(.elementor-motion-effects-element-type-background), .elementor-7343 .elementor-element.elementor-element-b1ccf43 > .elementor-motion-effects-container > .elementor-motion-effects-layer{background-color:var( --e-global-color-3c63d97 );}.elementor-7343 .elementor-element.elementor-element-b1ccf43 > .elementor-container{min-height:410px;}.elementor-7343 .elementor-element.elementor-element-b1ccf43{transition:background 0.3s, border 0.3s, border-radius 0.3s, box-shadow 0.3s;margin-top:-6em;margin-bottom:0em;}.elementor-7343 .elementor-element.elementor-element-b1ccf43 > .elementor-background-overlay{transition:background 0.3s, border-radius 0.3s, opacity 0.3s;}.elementor-7343 .elementor-element.elementor-element-a457739 > .elementor-widget-wrap > .elementor-widget:not(.elementor-widget__width-auto):not(.elementor-widget__width-initial):not(:last-child):not(.elementor-absolute){margin-bottom:0px;}.elementor-7343 .elementor-element.elementor-element-6f0d9cf .elementor-heading-title{font-family:\"Inter Tight\", Sans-serif;font-size:14px;font-weight:500;color:var( --e-global-color-6c301e5 );}.elementor-7343 .elementor-element.elementor-element-31a035f .elementor-heading-title{font-family:\"Inter Tight\", Sans-serif;color:var( --e-global-color-18f01eb );}.elementor-7343 .elementor-element.elementor-element-1c84c15 > .elementor-widget-container{margin:0px 0px 0px 010px;}.elementor-7343 .elementor-element.elementor-element-1c84c15{font-family:\"Inter\", Sans-serif;color:var( --e-global-color-fc3df75 );}.elementor-7343 .elementor-element.elementor-element-8cd7327 img{width:89%;max-width:100%;height:500px;}.elementor-7343 .elementor-element.elementor-element-e3df593 > .elementor-widget-container{margin:0px 0px 0px 010px;}.elementor-7343 .elementor-element.elementor-element-e3df593{font-family:\"Inter\", Sans-serif;color:var( --e-global-color-fc3df75 );}@media(max-width:767px){.elementor-7343 .elementor-element.elementor-element-b1ccf43{margin-top:-12em;margin-bottom:0em;}}<\/style>\t\t<div data-elementor-type=\"wp-page\" data-elementor-id=\"7343\" class=\"elementor elementor-7343\" data-elementor-post-type=\"page\">\n\t\t\t\t\t\t<section class=\"elementor-section elementor-top-section elementor-element elementor-element-b1ccf43 elementor-section-height-min-height elementor-section-boxed elementor-section-height-default elementor-section-items-middle\" data-id=\"b1ccf43\" data-element_type=\"section\" data-settings=\"{&quot;background_background&quot;:&quot;classic&quot;,&quot;jet_parallax_layout_list&quot;:[]}\">\n\t\t\t\t\t\t<div class=\"elementor-container elementor-column-gap-default\">\n\t\t\t\t\t<div class=\"elementor-column elementor-col-100 elementor-top-column elementor-element elementor-element-a457739\" data-id=\"a457739\" data-element_type=\"column\">\n\t\t\t<div class=\"elementor-widget-wrap elementor-element-populated\">\n\t\t\t\t\t\t<div class=\"elementor-element elementor-element-6f0d9cf elementor-widget elementor-widget-heading\" data-id=\"6f0d9cf\" data-element_type=\"widget\" data-widget_type=\"heading.default\">\n\t\t\t\t<div class=\"elementor-widget-container\">\n\t\t\t\t\t<span class=\"elementor-heading-title elementor-size-default\">Success Story<\/span>\t\t\t\t<\/div>\n\t\t\t\t<\/div>\n\t\t\t\t<div class=\"elementor-element elementor-element-31a035f elementor-widget elementor-widget-heading\" data-id=\"31a035f\" data-element_type=\"widget\" data-widget_type=\"heading.default\">\n\t\t\t\t<div class=\"elementor-widget-container\">\n\t\t\t\t\t<h2 class=\"elementor-heading-title elementor-size-default\">Loop Games &amp; Pethereum<\/h2>\t\t\t\t<\/div>\n\t\t\t\t<\/div>\n\t\t\t\t\t<\/div>\n\t\t<\/div>\n\t\t\t\t\t<\/div>\n\t\t<\/section>\n\t\t\t\t<section class=\"elementor-section elementor-top-section elementor-element elementor-element-e797dfb elementor-section-boxed elementor-section-height-default elementor-section-height-default\" data-id=\"e797dfb\" data-element_type=\"section\" data-settings=\"{&quot;jet_parallax_layout_list&quot;:[]}\">\n\t\t\t\t\t\t<div class=\"elementor-container elementor-column-gap-default\">\n\t\t\t\t\t<div class=\"elementor-column elementor-col-100 elementor-top-column elementor-element elementor-element-a1cffbd\" data-id=\"a1cffbd\" data-element_type=\"column\">\n\t\t\t<div class=\"elementor-widget-wrap elementor-element-populated\">\n\t\t\t\t\t\t<div class=\"elementor-element elementor-element-1c84c15 elementor-widget elementor-widget-text-editor\" data-id=\"1c84c15\" data-element_type=\"widget\" data-widget_type=\"text-editor.default\">\n\t\t\t\t<div class=\"elementor-widget-container\">\n\t\t\t\t\t\t\t\t\t<p>Loop Games is a gaming company which produced games that reached millions of players worldwide. Their games were downloaded more than 100 million over Google Play &amp; App Store. They exited their games Match 3D and Match Tile 3D to the American technology giant Applovin. They brought their expertise in the field and created Pethereum which is a Free-to-Play and Play-to-Earn metaverse.\u00a0Players can collect NFT pets by playing mobile games and utility tokens to enhance their in-game experience. The decisions about Pethereum will be made by a DAO governed by Pethereans.<\/p>\t\t\t\t\t\t\t\t<\/div>\n\t\t\t\t<\/div>\n\t\t\t\t\t<\/div>\n\t\t<\/div>\n\t\t\t\t\t<\/div>\n\t\t<\/section>\n\t\t\t\t<section class=\"elementor-section elementor-top-section elementor-element elementor-element-7cc0ef7 elementor-section-boxed elementor-section-height-default elementor-section-height-default\" data-id=\"7cc0ef7\" data-element_type=\"section\" data-settings=\"{&quot;jet_parallax_layout_list&quot;:[]}\">\n\t\t\t\t\t\t<div class=\"elementor-container elementor-column-gap-default\">\n\t\t\t\t\t<div class=\"elementor-column elementor-col-100 elementor-top-column elementor-element elementor-element-8d00107\" data-id=\"8d00107\" data-element_type=\"column\">\n\t\t\t<div class=\"elementor-widget-wrap elementor-element-populated\">\n\t\t\t\t\t\t<div class=\"elementor-element elementor-element-8cd7327 elementor-widget elementor-widget-image\" data-id=\"8cd7327\" data-element_type=\"widget\" data-widget_type=\"image.default\">\n\t\t\t\t<div class=\"elementor-widget-container\">\n\t\t\t\t\t\t\t\t\t\t\t\t\t\t\t<img decoding=\"async\" src=\"https:\/\/virconlegal.com\/wp-content\/uploads\/2022\/03\/Dao.png\" title=\"\" alt=\"\" loading=\"lazy\" \/>\t\t\t\t\t\t\t\t\t\t\t\t\t\t\t<\/div>\n\t\t\t\t<\/div>\n\t\t\t\t\t<\/div>\n\t\t<\/div>\n\t\t\t\t\t<\/div>\n\t\t<\/section>\n\t\t\t\t<section class=\"elementor-section elementor-top-section elementor-element elementor-element-71f1948 elementor-section-boxed elementor-section-height-default elementor-section-height-default\" data-id=\"71f1948\" data-element_type=\"section\" data-settings=\"{&quot;jet_parallax_layout_list&quot;:[]}\">\n\t\t\t\t\t\t<div class=\"elementor-container elementor-column-gap-default\">\n\t\t\t\t\t<div class=\"elementor-column elementor-col-100 elementor-top-column elementor-element elementor-element-fd81bf0\" data-id=\"fd81bf0\" data-element_type=\"column\">\n\t\t\t<div class=\"elementor-widget-wrap elementor-element-populated\">\n\t\t\t\t\t\t<div class=\"elementor-element elementor-element-e3df593 elementor-widget elementor-widget-text-editor\" data-id=\"e3df593\" data-element_type=\"widget\" data-widget_type=\"text-editor.default\">\n\t\t\t\t<div class=\"elementor-widget-container\">\n\t\t\t\t\t\t\t\t\t<p><strong>Challenge<\/strong><\/p><p>Finding the legal balance and navigating in the grey blockchain space is crucial. Play-to-earn models are eager to end up in Ponzi schemes. Pethereum has the potential to become one of the biggest play-to-earn metaverses which means they will have Pethereans from different parts of the world. As they are growing exponentially, they wanted to ensure their tokenomics is compliant with several jurisdictions around the world. In order to create a safe gaming environment with a stable economy, find a legal team who can just not evaluate the case from different angles but also joined the team to craft the details.<\/p><p>\u00a0<\/p><p><strong>Solution<\/strong><\/p><p>We joined the team as one of the advisors. We deep-dived into play-to-earn models including but not limited to approaches and insights of regulators, compliance issues faced in gaming and blockchain ecosystems in different jurisdictions, and case law which are accessible. We crafted the tokenomics, in-game economy, and gaming mechanics to comply with several securities laws all around the world. We analyzed and mitigated several risks to reflect their free-to-play and play-to-earn nature.<\/p><p>\u00a0<\/p><p><strong>Impact<\/strong><\/p><p>Pethereum team focused on scaling the community and building the metaverse while we are handling the legal aspects. They differentiated themselves from the Ponzi schemes and their tokens may not face security labels. Their $PETH tokens will freely circulate in the secondary market. Happy Pethereans, happy Pethereum, happy Vircon Legal!<\/p><p>\u00a0<\/p>\t\t\t\t\t\t\t\t<\/div>\n\t\t\t\t<\/div>\n\t\t\t\t\t<\/div>\n\t\t<\/div>\n\t\t\t\t\t<\/div>\n\t\t<\/section>\n\t\t\t\t<\/div>\n\t\t","protected":false},"excerpt":{"rendered":"<p>Ba\u015far\u0131 \u00d6yk\u00fcs\u00fc Loop Games ve Pethereum Loop Games, d\u00fcnya \u00e7ap\u0131nda milyonlarca oyuncuya ula\u015fan oyunlar \u00fcreten bir oyun \u015firketidir. Geli\u015ftirdikleri oyunlar Google Play ve App Store\u2019da 100 milyonun \u00fczerinde indirilme say\u0131s\u0131na ula\u015fm\u0131\u015ft\u0131r. Match 3D ve Match Tile 3D oyunlar\u0131n\u0131, Amerikan teknoloji devi Applovin\u2019e devrederek \u00f6nemli bir exit ger\u00e7ekle\u015ftirmi\u015flerdir. Sekt\u00f6rdeki uzmanl\u0131klar\u0131n\u0131 bir ad\u0131m ileri ta\u015f\u0131yarak, Free-to-Play ve [&hellip;]<\/p>\n","protected":false},"author":1,"featured_media":0,"parent":0,"menu_order":0,"comment_status":"closed","ping_status":"closed","template":"","meta":{"footnotes":""},"class_list":["post-7343","page","type-page","status-publish","hentry"],"_links":{"self":[{"href":"https:\/\/virconlegal.com\/tr\/wp-json\/wp\/v2\/pages\/7343","targetHints":{"allow":["GET"]}}],"collection":[{"href":"https:\/\/virconlegal.com\/tr\/wp-json\/wp\/v2\/pages"}],"about":[{"href":"https:\/\/virconlegal.com\/tr\/wp-json\/wp\/v2\/types\/page"}],"author":[{"embeddable":true,"href":"https:\/\/virconlegal.com\/tr\/wp-json\/wp\/v2\/users\/1"}],"replies":[{"embeddable":true,"href":"https:\/\/virconlegal.com\/tr\/wp-json\/wp\/v2\/comments?post=7343"}],"version-history":[{"count":1,"href":"https:\/\/virconlegal.com\/tr\/wp-json\/wp\/v2\/pages\/7343\/revisions"}],"predecessor-version":[{"id":7344,"href":"https:\/\/virconlegal.com\/tr\/wp-json\/wp\/v2\/pages\/7343\/revisions\/7344"}],"wp:attachment":[{"href":"https:\/\/virconlegal.com\/tr\/wp-json\/wp\/v2\/media?parent=7343"}],"curies":[{"name":"wp","href":"https:\/\/api.w.org\/{rel}","templated":true}]}}