{"id":7342,"date":"2022-03-28T12:12:18","date_gmt":"2022-03-28T12:12:18","guid":{"rendered":"https:\/\/virconlegal.com\/bilisim-hukuku\/"},"modified":"2026-05-11T10:56:03","modified_gmt":"2026-05-11T10:56:03","slug":"bilisim-hukuku","status":"publish","type":"page","link":"https:\/\/virconlegal.com\/tr\/bilisim-hukuku\/","title":{"rendered":"Bili\u015fim Hukuku"},"content":{"rendered":"<style><\/style>\t\t<div data-elementor-type=\"wp-page\" data-elementor-id=\"7342\" class=\"elementor elementor-7342\" data-elementor-post-type=\"page\">\n\t\t\t\t\t\t<section class=\"elementor-section elementor-top-section elementor-element elementor-element-662319a elementor-section-boxed elementor-section-height-default elementor-section-height-default\" data-id=\"662319a\" data-element_type=\"section\" data-settings=\"{&quot;jet_parallax_layout_list&quot;:[]}\">\n\t\t\t\t\t\t<div class=\"elementor-container elementor-column-gap-default\">\n\t\t\t\t\t<div class=\"elementor-column elementor-col-100 elementor-top-column elementor-element elementor-element-e5c8ed8\" data-id=\"e5c8ed8\" data-element_type=\"column\">\n\t\t\t<div class=\"elementor-widget-wrap elementor-element-populated\">\n\t\t\t\t\t\t<div class=\"elementor-element elementor-element-20d8ad0 elementor-widget elementor-widget-text-editor\" data-id=\"20d8ad0\" data-element_type=\"widget\" data-widget_type=\"text-editor.default\">\n\t\t\t\t<div class=\"elementor-widget-container\">\n\t\t\t\t\t\t\t\t\t<p>Vircon Legal olarak, m\u00fcvekkillerimizin bili\u015fim teknolojileri, internet, e-ticaret, telif hakk\u0131, e\u011flence, oyun, yaz\u0131l\u0131m ve medya pazarlar\u0131ndaki ihtiya\u00e7lar\u0131n\u0131 kar\u015f\u0131lamam\u0131z\u0131 sa\u011flayan sa\u011flam bir altyap\u0131ya ve uzmanla\u015fm\u0131\u015f sekt\u00f6r bilgisine sahibiz.<\/p><p> <\/p><p>Sekt\u00f6r bilgimiz ve teknolojiyi anlama konusunda yetkin ekibimiz sayesinde, m\u00fcvekkillerimize teknoloji ve yenilik\u00e7i i\u015f modelleri geli\u015ftirmelerinde destek oluyoruz.<\/p><p> <\/p><p>Ayr\u0131ca oyun, bili\u015fim, pazarlama, yapay zek\u00e2 (AI) gibi farkl\u0131 sekt\u00f6rlerdeki teknoloji \u015firketlerini fikri m\u00fclkiyet ve gizlilik hukuku alan\u0131ndaki konularda temsil ediyoruz.<\/p><p> <\/p><p>Bili\u015fim Hukuku hizmetimiz a\u015fa\u011f\u0131dakileri kapsamakla birlikte bunlarla s\u0131n\u0131rl\u0131 de\u011fildir:<\/p><ul><li>Mevzuat dan\u0131\u015fmanl\u0131\u011f\u0131<\/li><li>Web sitesi s\u00f6zle\u015fmeleri<\/li><li>\u0130nternette fikri m\u00fclkiyet<\/li><li>Yenilik\u00e7i i\u015f modelleri geli\u015ftirme<\/li><li>Risk de\u011ferlendirmesi<\/li><li>Mevcut ve yakla\u015fan mevzuat\u0131n analizi<\/li><li>\u0130nternet kaynakl\u0131 uyu\u015fmazl\u0131klar<\/li><\/ul>\t\t\t\t\t\t\t\t<\/div>\n\t\t\t\t<\/div>\n\t\t\t\t\t<\/div>\n\t\t<\/div>\n\t\t\t\t\t<\/div>\n\t\t<\/section>\n\t\t\t\t<\/div>\n\t\t","protected":false},"excerpt":{"rendered":"<p>Vircon Legal olarak, m\u00fcvekkillerimizin bili\u015fim teknolojileri, internet, e-ticaret, telif hakk\u0131, e\u011flence, oyun, yaz\u0131l\u0131m ve medya pazarlar\u0131ndaki ihtiya\u00e7lar\u0131n\u0131 kar\u015f\u0131lamam\u0131z\u0131 sa\u011flayan sa\u011flam bir altyap\u0131ya ve uzmanla\u015fm\u0131\u015f sekt\u00f6r bilgisine sahibiz. Sekt\u00f6r bilgimiz ve teknolojiyi anlama konusunda yetkin ekibimiz sayesinde, m\u00fcvekkillerimize teknoloji ve yenilik\u00e7i i\u015f modelleri geli\u015ftirmelerinde destek oluyoruz. Ayr\u0131ca oyun, bili\u015fim, pazarlama, yapay zek\u00e2 (AI) gibi farkl\u0131 sekt\u00f6rlerdeki [&hellip;]<\/p>\n","protected":false},"author":1,"featured_media":0,"parent":0,"menu_order":0,"comment_status":"closed","ping_status":"closed","template":"","meta":{"footnotes":""},"class_list":["post-7342","page","type-page","status-publish","hentry"],"_links":{"self":[{"href":"https:\/\/virconlegal.com\/tr\/wp-json\/wp\/v2\/pages\/7342","targetHints":{"allow":["GET"]}}],"collection":[{"href":"https:\/\/virconlegal.com\/tr\/wp-json\/wp\/v2\/pages"}],"about":[{"href":"https:\/\/virconlegal.com\/tr\/wp-json\/wp\/v2\/types\/page"}],"author":[{"embeddable":true,"href":"https:\/\/virconlegal.com\/tr\/wp-json\/wp\/v2\/users\/1"}],"replies":[{"embeddable":true,"href":"https:\/\/virconlegal.com\/tr\/wp-json\/wp\/v2\/comments?post=7342"}],"version-history":[{"count":3,"href":"https:\/\/virconlegal.com\/tr\/wp-json\/wp\/v2\/pages\/7342\/revisions"}],"predecessor-version":[{"id":7525,"href":"https:\/\/virconlegal.com\/tr\/wp-json\/wp\/v2\/pages\/7342\/revisions\/7525"}],"wp:attachment":[{"href":"https:\/\/virconlegal.com\/tr\/wp-json\/wp\/v2\/media?parent=7342"}],"curies":[{"name":"wp","href":"https:\/\/api.w.org\/{rel}","templated":true}]}}