{"id":7269,"date":"2022-03-28T11:57:58","date_gmt":"2022-03-28T11:57:58","guid":{"rendered":"https:\/\/virconlegal.com\/sirketler-hukuku\/"},"modified":"2026-05-11T11:08:56","modified_gmt":"2026-05-11T11:08:56","slug":"sirketler-hukuku","status":"publish","type":"page","link":"https:\/\/virconlegal.com\/tr\/sirketler-hukuku\/","title":{"rendered":"\u015eirketler Hukuku"},"content":{"rendered":"<style>.elementor-7269 .elementor-element.elementor-element-6fe2bfb{font-family:\"Poppins\", Sans-serif;}<\/style>\t\t<div data-elementor-type=\"wp-page\" data-elementor-id=\"7269\" class=\"elementor elementor-7269\" data-elementor-post-type=\"page\">\n\t\t\t\t\t\t<section class=\"elementor-section elementor-top-section elementor-element elementor-element-4a45313 elementor-section-boxed elementor-section-height-default elementor-section-height-default\" data-id=\"4a45313\" data-element_type=\"section\" data-settings=\"{&quot;jet_parallax_layout_list&quot;:[]}\">\n\t\t\t\t\t\t<div class=\"elementor-container elementor-column-gap-default\">\n\t\t\t\t\t<div class=\"elementor-column elementor-col-100 elementor-top-column elementor-element elementor-element-faa5a0f\" data-id=\"faa5a0f\" data-element_type=\"column\">\n\t\t\t<div class=\"elementor-widget-wrap elementor-element-populated\">\n\t\t\t\t\t\t<div class=\"elementor-element elementor-element-6fe2bfb elementor-widget elementor-widget-text-editor\" data-id=\"6fe2bfb\" data-element_type=\"widget\" data-widget_type=\"text-editor.default\">\n\t\t\t\t<div class=\"elementor-widget-container\">\n\t\t\t\t\t\t\t\t\t<p>\u015eirketler Hukuku ana uygulama alanlar\u0131m\u0131zdan biridir. K\u00fc\u00e7\u00fck, orta ve b\u00fcy\u00fck \u00f6l\u00e7ekli yerli ve uluslararas\u0131 \u015firketlere; ticari i\u015flemleri ve s\u00f6zle\u015fmeleriyle ilgili t\u00fcm hukuki konularda dan\u0131\u015fmanl\u0131k veriyoruz.<\/p><p> <\/p><p>Vircon Legal olarak, m\u00fcvekkillerimize en k\u0131sa s\u00fcrede en iyi stratejik tavsiyeyi sunmay\u0131 hedefliyoruz; bu nedenle m\u00fcvekkillerimizin ihtiya\u00e7lar\u0131na g\u00f6re uyarlanm\u0131\u015f genel \u015firketler hukuku dan\u0131\u015fmanl\u0131\u011f\u0131 veriyoruz.<\/p><p> <\/p><p>\u015eirketler Hukuku hizmetimiz m\u00fcvekkillerimizin hukuki ihtiya\u00e7lar\u0131na \u00f6zel olarak \u015fekillendirilir ve a\u015fa\u011f\u0131dakileri kapsamakla birlikte bunlarla s\u0131n\u0131rl\u0131 de\u011fildir:<\/p><p> <\/p><ul><li>\u00d6n yap\u0131land\u0131rma<\/li><li>\u015eirket kurulu\u015f prosed\u00fcrleri<\/li><li>Y\u00f6netici atamalar\u0131<\/li><li>Gerekli t\u00fcm hukuki s\u00fcre\u00e7lerin y\u00fcr\u00fct\u00fclmesi<\/li><li>Hisse devri, b\u00f6l\u00fcnme, birle\u015fme ve t\u00fcr de\u011fi\u015fikli\u011fi<\/li><li>Varl\u0131k devri ve ticari i\u015fletme devirleri<\/li><li>\u015eirket i\u00e7inde do\u011fabilecek g\u00fcnl\u00fck uyu\u015fmazl\u0131klarda destek<\/li><li>Genel kurul ve y\u00f6netim kurulu toplant\u0131lar\u0131n\u0131n y\u00fcr\u00fct\u00fclmesi<\/li><li>Vergi ve istihdam yap\u0131land\u0131rmas\u0131<\/li><\/ul>\t\t\t\t\t\t\t\t<\/div>\n\t\t\t\t<\/div>\n\t\t\t\t\t<\/div>\n\t\t<\/div>\n\t\t\t\t\t<\/div>\n\t\t<\/section>\n\t\t\t\t<\/div>\n\t\t","protected":false},"excerpt":{"rendered":"<p>\u015eirketler Hukuku ana uygulama alanlar\u0131m\u0131zdan biridir. K\u00fc\u00e7\u00fck, orta ve b\u00fcy\u00fck \u00f6l\u00e7ekli yerli ve uluslararas\u0131 \u015firketlere; ticari i\u015flemleri ve s\u00f6zle\u015fmeleriyle ilgili t\u00fcm hukuki konularda dan\u0131\u015fmanl\u0131k veriyoruz. Vircon Legal olarak, m\u00fcvekkillerimize en k\u0131sa s\u00fcrede en iyi stratejik tavsiyeyi sunmay\u0131 hedefliyoruz; bu nedenle m\u00fcvekkillerimizin ihtiya\u00e7lar\u0131na g\u00f6re uyarlanm\u0131\u015f genel \u015firketler hukuku dan\u0131\u015fmanl\u0131\u011f\u0131 veriyoruz. \u015eirketler Hukuku hizmetimiz m\u00fcvekkillerimizin hukuki ihtiya\u00e7lar\u0131na [&hellip;]<\/p>\n","protected":false},"author":1,"featured_media":0,"parent":0,"menu_order":0,"comment_status":"closed","ping_status":"closed","template":"","meta":{"footnotes":""},"class_list":["post-7269","page","type-page","status-publish","hentry"],"_links":{"self":[{"href":"https:\/\/virconlegal.com\/tr\/wp-json\/wp\/v2\/pages\/7269","targetHints":{"allow":["GET"]}}],"collection":[{"href":"https:\/\/virconlegal.com\/tr\/wp-json\/wp\/v2\/pages"}],"about":[{"href":"https:\/\/virconlegal.com\/tr\/wp-json\/wp\/v2\/types\/page"}],"author":[{"embeddable":true,"href":"https:\/\/virconlegal.com\/tr\/wp-json\/wp\/v2\/users\/1"}],"replies":[{"embeddable":true,"href":"https:\/\/virconlegal.com\/tr\/wp-json\/wp\/v2\/comments?post=7269"}],"version-history":[{"count":4,"href":"https:\/\/virconlegal.com\/tr\/wp-json\/wp\/v2\/pages\/7269\/revisions"}],"predecessor-version":[{"id":7552,"href":"https:\/\/virconlegal.com\/tr\/wp-json\/wp\/v2\/pages\/7269\/revisions\/7552"}],"wp:attachment":[{"href":"https:\/\/virconlegal.com\/tr\/wp-json\/wp\/v2\/media?parent=7269"}],"curies":[{"name":"wp","href":"https:\/\/api.w.org\/{rel}","templated":true}]}}