{"id":7252,"date":"2022-03-28T09:06:37","date_gmt":"2022-03-28T09:06:37","guid":{"rendered":"https:\/\/virconlegal.com\/abd-sirket-kuruluslari-ve-flip-up-islemleri\/"},"modified":"2026-05-11T10:57:01","modified_gmt":"2026-05-11T10:57:01","slug":"abd-sirket-kuruluslari-ve-flip-up-islemleri","status":"publish","type":"page","link":"https:\/\/virconlegal.com\/tr\/abd-sirket-kuruluslari-ve-flip-up-islemleri\/","title":{"rendered":"ABD \u015eirket Kurulu\u015flar\u0131 ve Flip-Up \u0130\u015flemleri"},"content":{"rendered":"<style>.elementor-7252 .elementor-element.elementor-element-c1e8031 img{width:66%;max-width:79%;height:427px;}<\/style>\t\t<div data-elementor-type=\"wp-page\" data-elementor-id=\"7252\" class=\"elementor elementor-7252\" data-elementor-post-type=\"page\">\n\t\t\t\t\t\t<section class=\"elementor-section elementor-top-section elementor-element elementor-element-aada11f elementor-section-boxed elementor-section-height-default elementor-section-height-default\" data-id=\"aada11f\" data-element_type=\"section\" data-settings=\"{&quot;jet_parallax_layout_list&quot;:[]}\">\n\t\t\t\t\t\t<div class=\"elementor-container elementor-column-gap-default\">\n\t\t\t\t\t<div class=\"elementor-column elementor-col-50 elementor-top-column elementor-element elementor-element-60f4f48\" data-id=\"60f4f48\" data-element_type=\"column\">\n\t\t\t<div class=\"elementor-widget-wrap elementor-element-populated\">\n\t\t\t\t\t\t<div class=\"elementor-element elementor-element-c1e8031 elementor-widget elementor-widget-image\" data-id=\"c1e8031\" data-element_type=\"widget\" data-widget_type=\"image.default\">\n\t\t\t\t<div class=\"elementor-widget-container\">\n\t\t\t\t\t\t\t\t\t\t\t\t\t\t\t<img decoding=\"async\" src=\"https:\/\/virconlegal.com\/wp-content\/plugins\/elementor\/assets\/images\/placeholder.png\" title=\"\" alt=\"\" loading=\"lazy\" \/>\t\t\t\t\t\t\t\t\t\t\t\t\t\t\t<\/div>\n\t\t\t\t<\/div>\n\t\t\t\t\t<\/div>\n\t\t<\/div>\n\t\t\t\t<div class=\"elementor-column elementor-col-50 elementor-top-column elementor-element elementor-element-0b82f9b\" data-id=\"0b82f9b\" data-element_type=\"column\">\n\t\t\t<div class=\"elementor-widget-wrap elementor-element-populated\">\n\t\t\t\t\t\t<div class=\"elementor-element elementor-element-239418d elementor-widget elementor-widget-text-editor\" data-id=\"239418d\" data-element_type=\"widget\" data-widget_type=\"text-editor.default\">\n\t\t\t\t<div class=\"elementor-widget-container\">\n\t\t\t\t\t\t\t\t\t<p>Vircon Legal olarak, T\u00fcrkiye ile ABD merkezli \u015firketler aras\u0131nda sermaye varl\u0131k transferi ve hisse devir s\u00fcre\u00e7lerinin y\u00f6netimi gibi uluslararas\u0131 i\u015flemleri y\u00fcr\u00fct\u00fcyoruz.<\/p><p> <\/p><p>Derin uzmanl\u0131\u011f\u0131m\u0131z ve deneyimli ekibimiz sayesinde, m\u00fcvekkillerimize ABD&#8217;nin Delaware ve Wyoming eyaletlerinde LLC, anonim \u015firket (corporation) ve k\u00e2r amac\u0131 g\u00fctmeyen kurulu\u015flar\u0131n kurulu\u015funda ve kurulu\u015f sonras\u0131 hukuki belgelerin haz\u0131rlanmas\u0131nda hukuki dan\u0131\u015fmanl\u0131k sunuyoruz.<\/p><p> <\/p><p>ABD \u015eirket Kurulu\u015fu ve Flip-Up hizmetimiz a\u015fa\u011f\u0131dakileri kapsamakla birlikte bunlarla s\u0131n\u0131rl\u0131 de\u011fildir:<\/p><ul><li>LLC, anonim \u015firket veya k\u00e2r amac\u0131 g\u00fctmeyen kurulu\u015flar\u0131n kurulumu<\/li><li>ABD&#8217;de vergilendirme ve kurulu\u015f s\u00fcre\u00e7leri<\/li><li>T\u00fcrkiye ile ABD aras\u0131ndaki s\u0131n\u0131r \u00f6tesi hukuki i\u015flemler<\/li><\/ul>\t\t\t\t\t\t\t\t<\/div>\n\t\t\t\t<\/div>\n\t\t\t\t\t<\/div>\n\t\t<\/div>\n\t\t\t\t\t<\/div>\n\t\t<\/section>\n\t\t\t\t<\/div>\n\t\t","protected":false},"excerpt":{"rendered":"<p>Vircon Legal olarak, T\u00fcrkiye ile ABD merkezli \u015firketler aras\u0131nda sermaye varl\u0131k transferi ve hisse devir s\u00fcre\u00e7lerinin y\u00f6netimi gibi uluslararas\u0131 i\u015flemleri y\u00fcr\u00fct\u00fcyoruz. Derin uzmanl\u0131\u011f\u0131m\u0131z ve deneyimli ekibimiz sayesinde, m\u00fcvekkillerimize ABD&#8217;nin Delaware ve Wyoming eyaletlerinde LLC, anonim \u015firket (corporation) ve k\u00e2r amac\u0131 g\u00fctmeyen kurulu\u015flar\u0131n kurulu\u015funda ve kurulu\u015f sonras\u0131 hukuki belgelerin haz\u0131rlanmas\u0131nda hukuki dan\u0131\u015fmanl\u0131k sunuyoruz. ABD \u015eirket Kurulu\u015fu [&hellip;]<\/p>\n","protected":false},"author":1,"featured_media":0,"parent":0,"menu_order":0,"comment_status":"closed","ping_status":"closed","template":"","meta":{"footnotes":""},"class_list":["post-7252","page","type-page","status-publish","hentry"],"_links":{"self":[{"href":"https:\/\/virconlegal.com\/tr\/wp-json\/wp\/v2\/pages\/7252","targetHints":{"allow":["GET"]}}],"collection":[{"href":"https:\/\/virconlegal.com\/tr\/wp-json\/wp\/v2\/pages"}],"about":[{"href":"https:\/\/virconlegal.com\/tr\/wp-json\/wp\/v2\/types\/page"}],"author":[{"embeddable":true,"href":"https:\/\/virconlegal.com\/tr\/wp-json\/wp\/v2\/users\/1"}],"replies":[{"embeddable":true,"href":"https:\/\/virconlegal.com\/tr\/wp-json\/wp\/v2\/comments?post=7252"}],"version-history":[{"count":4,"href":"https:\/\/virconlegal.com\/tr\/wp-json\/wp\/v2\/pages\/7252\/revisions"}],"predecessor-version":[{"id":7528,"href":"https:\/\/virconlegal.com\/tr\/wp-json\/wp\/v2\/pages\/7252\/revisions\/7528"}],"wp:attachment":[{"href":"https:\/\/virconlegal.com\/tr\/wp-json\/wp\/v2\/media?parent=7252"}],"curies":[{"name":"wp","href":"https:\/\/api.w.org\/{rel}","templated":true}]}}