{"id":7249,"date":"2022-03-17T09:12:52","date_gmt":"2022-03-17T09:12:52","guid":{"rendered":"https:\/\/virconlegal.com\/iletisim\/"},"modified":"2025-12-03T13:10:04","modified_gmt":"2025-12-03T13:10:04","slug":"iletisim","status":"publish","type":"page","link":"https:\/\/virconlegal.com\/tr\/iletisim\/","title":{"rendered":"\u0130leti\u015fim"},"content":{"rendered":"<style>.elementor-7249 .elementor-element.elementor-element-d91e88b > .elementor-container{max-width:1100px;}.elementor-7249 .elementor-element.elementor-element-59c765a > .elementor-widget-wrap > .elementor-widget:not(.elementor-widget__width-auto):not(.elementor-widget__width-initial):not(:last-child):not(.elementor-absolute){margin-bottom:0px;}.elementor-7249 .elementor-element.elementor-element-59c765a > .elementor-element-populated{margin:0em 6em 0em 0em;--e-column-margin-right:6em;--e-column-margin-left:0em;}.elementor-7249 .elementor-element.elementor-element-3098b92 > .elementor-widget-wrap > .elementor-widget:not(.elementor-widget__width-auto):not(.elementor-widget__width-initial):not(:last-child):not(.elementor-absolute){margin-bottom:8px;}.elementor-7249 .elementor-element.elementor-element-2153d7b .elementor-heading-title{font-family:\"Inter Tight\", Sans-serif;font-size:24px;color:var( --e-global-color-46f5036 );}.elementor-7249 .elementor-element.elementor-element-66f79d9{--divider-border-style:dotted;--divider-color:var( --e-global-color-c6f793f );--divider-border-width:1px;}.elementor-7249 .elementor-element.elementor-element-66f79d9 .elementor-divider-separator{width:100%;}.elementor-7249 .elementor-element.elementor-element-66f79d9 .elementor-divider{padding-block-start:15px;padding-block-end:15px;}.elementor-7249 .elementor-element.elementor-element-00bb186 > .elementor-widget-wrap > .elementor-widget:not(.elementor-widget__width-auto):not(.elementor-widget__width-initial):not(:last-child):not(.elementor-absolute){margin-bottom:8px;}.elementor-7249 .elementor-element.elementor-element-f0fa871 .elementor-heading-title{font-family:\"Inter Tight\", Sans-serif;font-size:14px;color:var( --e-global-color-a71ab8a );}.elementor-7249 .elementor-element.elementor-element-2af5b7b{font-family:\"Inter Tight\", Sans-serif;font-size:16px;font-weight:500;color:var( --e-global-color-697b370 );}.elementor-7249 .elementor-element.elementor-element-d7008e9{--divider-border-style:dotted;--divider-color:var( --e-global-color-c6f793f );--divider-border-width:1px;}.elementor-7249 .elementor-element.elementor-element-d7008e9 .elementor-divider-separator{width:100%;}.elementor-7249 .elementor-element.elementor-element-d7008e9 .elementor-divider{padding-block-start:15px;padding-block-end:15px;}.elementor-7249 .elementor-element.elementor-element-ed2710f > .elementor-widget-wrap > .elementor-widget:not(.elementor-widget__width-auto):not(.elementor-widget__width-initial):not(:last-child):not(.elementor-absolute){margin-bottom:8px;}.elementor-7249 .elementor-element.elementor-element-3d8c645 .elementor-heading-title{font-family:\"Inter Tight\", Sans-serif;font-size:14px;color:var( --e-global-color-a71ab8a );}.elementor-7249 .elementor-element.elementor-element-b91bb0d{font-family:\"Inter Tight\", Sans-serif;font-size:16px;font-weight:500;color:var( --e-global-color-697b370 );}.elementor-7249 .elementor-element.elementor-element-18e17e3 > .elementor-element-populated{padding:64px 32px 64px 32px;}.elementor-7249 .elementor-element.elementor-element-754b06d .elementor-heading-title{font-family:\"Inter Tight\", Sans-serif;font-size:24px;color:var( --e-global-color-46f5036 );}.elementor-7249 .elementor-element.elementor-element-5f25e20{font-family:\"Inter Tight\", Sans-serif;color:var( --e-global-color-a71ab8a );}:root{--page-title-display:none;}\/* Start custom CSS for column, class: .elementor-element-18e17e3 *\/.elementor-7249 .elementor-element.elementor-element-18e17e3 {\n    border-radius: 16px;\nbackground: #FFF;\nbox-shadow: 0px 0px 0px 3px rgba(19, 19, 22, 0.05), 0px 10px 32px 0px rgba(34, 42, 53, 0.15), 0px 1px 1px 0px rgba(0, 0, 0, 0.05), 0px 4px 6px 0px rgba(34, 42, 53, 0.08), 0px 24px 68px 0px rgba(47, 48, 55, 0.10);\n}\/* End custom CSS *\/<\/style>\t\t<div data-elementor-type=\"wp-page\" data-elementor-id=\"7249\" class=\"elementor elementor-7249\" data-elementor-post-type=\"page\">\n\t\t\t\t\t\t<section class=\"elementor-section elementor-top-section elementor-element elementor-element-d91e88b elementor-section-height-full elementor-section-boxed elementor-section-height-default elementor-section-items-middle\" data-id=\"d91e88b\" data-element_type=\"section\" data-settings=\"{&quot;jet_parallax_layout_list&quot;:[]}\">\n\t\t\t\t\t\t<div class=\"elementor-container elementor-column-gap-default\">\n\t\t\t\t\t<div class=\"elementor-column elementor-col-50 elementor-top-column elementor-element elementor-element-59c765a\" data-id=\"59c765a\" data-element_type=\"column\">\n\t\t\t<div class=\"elementor-widget-wrap elementor-element-populated\">\n\t\t\t\t\t\t<section class=\"elementor-section elementor-inner-section elementor-element elementor-element-66a837e elementor-section-boxed elementor-section-height-default elementor-section-height-default\" data-id=\"66a837e\" data-element_type=\"section\" data-settings=\"{&quot;jet_parallax_layout_list&quot;:[]}\">\n\t\t\t\t\t\t<div class=\"elementor-container elementor-column-gap-default\">\n\t\t\t\t\t<div class=\"elementor-column elementor-col-100 elementor-inner-column elementor-element elementor-element-3098b92\" data-id=\"3098b92\" data-element_type=\"column\">\n\t\t\t<div class=\"elementor-widget-wrap elementor-element-populated\">\n\t\t\t\t\t\t<div class=\"elementor-element elementor-element-2153d7b elementor-widget elementor-widget-heading\" data-id=\"2153d7b\" data-element_type=\"widget\" data-widget_type=\"heading.default\">\n\t\t\t\t<div class=\"elementor-widget-container\">\n\t\t\t\t\t<h2 class=\"elementor-heading-title elementor-size-default\">Get in touch<\/h2>\t\t\t\t<\/div>\n\t\t\t\t<\/div>\n\t\t\t\t\t<\/div>\n\t\t<\/div>\n\t\t\t\t\t<\/div>\n\t\t<\/section>\n\t\t\t\t<div class=\"elementor-element elementor-element-66f79d9 elementor-widget-divider--view-line elementor-widget elementor-widget-divider\" data-id=\"66f79d9\" data-element_type=\"widget\" data-widget_type=\"divider.default\">\n\t\t\t\t<div class=\"elementor-widget-container\">\n\t\t\t\t\t\t\t<div class=\"elementor-divider\">\n\t\t\t<span class=\"elementor-divider-separator\">\n\t\t\t\t\t\t<\/span>\n\t\t<\/div>\n\t\t\t\t\t\t<\/div>\n\t\t\t\t<\/div>\n\t\t\t\t<section class=\"elementor-section elementor-inner-section elementor-element elementor-element-7dbcba3 elementor-section-boxed elementor-section-height-default elementor-section-height-default\" data-id=\"7dbcba3\" data-element_type=\"section\" data-settings=\"{&quot;jet_parallax_layout_list&quot;:[]}\">\n\t\t\t\t\t\t<div class=\"elementor-container elementor-column-gap-default\">\n\t\t\t\t\t<div class=\"elementor-column elementor-col-100 elementor-inner-column elementor-element elementor-element-00bb186\" data-id=\"00bb186\" data-element_type=\"column\">\n\t\t\t<div class=\"elementor-widget-wrap elementor-element-populated\">\n\t\t\t\t\t\t<div class=\"elementor-element elementor-element-f0fa871 elementor-widget elementor-widget-heading\" data-id=\"f0fa871\" data-element_type=\"widget\" data-widget_type=\"heading.default\">\n\t\t\t\t<div class=\"elementor-widget-container\">\n\t\t\t\t\t<h2 class=\"elementor-heading-title elementor-size-default\">Turkiye<\/h2>\t\t\t\t<\/div>\n\t\t\t\t<\/div>\n\t\t\t\t<div class=\"elementor-element elementor-element-2af5b7b elementor-widget elementor-widget-text-editor\" data-id=\"2af5b7b\" data-element_type=\"widget\" data-widget_type=\"text-editor.default\">\n\t\t\t\t<div class=\"elementor-widget-container\">\n\t\t\t\t\t\t\t\t\tTaksim 360 Blv No: 150-170, Kat:6 Ofis No 52 Vircon Group 34435 Beyo\u011flu \/ \u0130stanbul\t\t\t\t\t\t\t\t<\/div>\n\t\t\t\t<\/div>\n\t\t\t\t\t<\/div>\n\t\t<\/div>\n\t\t\t\t\t<\/div>\n\t\t<\/section>\n\t\t\t\t<div class=\"elementor-element elementor-element-d7008e9 elementor-widget-divider--view-line elementor-widget elementor-widget-divider\" data-id=\"d7008e9\" data-element_type=\"widget\" data-widget_type=\"divider.default\">\n\t\t\t\t<div class=\"elementor-widget-container\">\n\t\t\t\t\t\t\t<div class=\"elementor-divider\">\n\t\t\t<span class=\"elementor-divider-separator\">\n\t\t\t\t\t\t<\/span>\n\t\t<\/div>\n\t\t\t\t\t\t<\/div>\n\t\t\t\t<\/div>\n\t\t\t\t<section class=\"elementor-section elementor-inner-section elementor-element elementor-element-ff2c4ea elementor-section-boxed elementor-section-height-default elementor-section-height-default\" data-id=\"ff2c4ea\" data-element_type=\"section\" data-settings=\"{&quot;jet_parallax_layout_list&quot;:[]}\">\n\t\t\t\t\t\t<div class=\"elementor-container elementor-column-gap-default\">\n\t\t\t\t\t<div class=\"elementor-column elementor-col-100 elementor-inner-column elementor-element elementor-element-ed2710f\" data-id=\"ed2710f\" data-element_type=\"column\">\n\t\t\t<div class=\"elementor-widget-wrap elementor-element-populated\">\n\t\t\t\t\t\t<div class=\"elementor-element elementor-element-3d8c645 elementor-widget elementor-widget-heading\" data-id=\"3d8c645\" data-element_type=\"widget\" data-widget_type=\"heading.default\">\n\t\t\t\t<div class=\"elementor-widget-container\">\n\t\t\t\t\t<h2 class=\"elementor-heading-title elementor-size-default\">Email address<\/h2>\t\t\t\t<\/div>\n\t\t\t\t<\/div>\n\t\t\t\t<div class=\"elementor-element elementor-element-b91bb0d elementor-widget elementor-widget-text-editor\" data-id=\"b91bb0d\" data-element_type=\"widget\" data-widget_type=\"text-editor.default\">\n\t\t\t\t<div class=\"elementor-widget-container\">\n\t\t\t\t\t\t\t\t\t<p><a href=\"mailto:info@virconlegal.com\">info@virconlegal.com<\/a><\/p>\t\t\t\t\t\t\t\t<\/div>\n\t\t\t\t<\/div>\n\t\t\t\t\t<\/div>\n\t\t<\/div>\n\t\t\t\t\t<\/div>\n\t\t<\/section>\n\t\t\t\t\t<\/div>\n\t\t<\/div>\n\t\t\t\t<div class=\"elementor-column elementor-col-50 elementor-top-column elementor-element elementor-element-18e17e3\" data-id=\"18e17e3\" data-element_type=\"column\">\n\t\t\t<div class=\"elementor-widget-wrap elementor-element-populated\">\n\t\t\t\t\t\t<div class=\"elementor-element elementor-element-754b06d elementor-widget elementor-widget-heading\" data-id=\"754b06d\" data-element_type=\"widget\" data-widget_type=\"heading.default\">\n\t\t\t\t<div class=\"elementor-widget-container\">\n\t\t\t\t\t<h2 class=\"elementor-heading-title elementor-size-default\">Contact us<\/h2>\t\t\t\t<\/div>\n\t\t\t\t<\/div>\n\t\t\t\t<div class=\"elementor-element elementor-element-5f25e20 elementor-widget elementor-widget-text-editor\" data-id=\"5f25e20\" data-element_type=\"widget\" data-widget_type=\"text-editor.default\">\n\t\t\t\t<div class=\"elementor-widget-container\">\n\t\t\t\t\t\t\t\t\t<p>Get in touch with our team. We&#8217;d love to hear more about how we can help:<\/p>\t\t\t\t\t\t\t\t<\/div>\n\t\t\t\t<\/div>\n\t\t\t\t<div class=\"elementor-element elementor-element-88f7a1d elementor-widget elementor-widget-html\" data-id=\"88f7a1d\" data-element_type=\"widget\" data-widget_type=\"html.default\">\n\t\t\t\t<div class=\"elementor-widget-container\">\n\t\t\t\t\t<div data-tf-live=\"01J5NGDRM2QH8QPZJXGNGFB60X\"><\/div><script src=\"\/\/embed.typeform.com\/next\/embed.js\"><\/script>\t\t\t\t<\/div>\n\t\t\t\t<\/div>\n\t\t\t\t\t<\/div>\n\t\t<\/div>\n\t\t\t\t\t<\/div>\n\t\t<\/section>\n\t\t\t\t<\/div>\n\t\t","protected":false},"excerpt":{"rendered":"<p>Bizimle ileti\u015fime ge\u00e7in Turkiye Taksim 360 Blv No: 150-170, Kat:6 Ofis No 52 Vircon Group 34435 Beyo\u011flu \/ \u0130stanbul Email adresi info@virconlegal.com Bize ula\u015f\u0131n Ekibimizle ileti\u015fime ge\u00e7in. Size nas\u0131l yard\u0131mc\u0131 olabilece\u011fimizi duymaktan memnuniyet duyar\u0131z:<\/p>\n","protected":false},"author":1,"featured_media":0,"parent":0,"menu_order":0,"comment_status":"closed","ping_status":"closed","template":"","meta":{"footnotes":""},"class_list":["post-7249","page","type-page","status-publish","hentry"],"_links":{"self":[{"href":"https:\/\/virconlegal.com\/tr\/wp-json\/wp\/v2\/pages\/7249","targetHints":{"allow":["GET"]}}],"collection":[{"href":"https:\/\/virconlegal.com\/tr\/wp-json\/wp\/v2\/pages"}],"about":[{"href":"https:\/\/virconlegal.com\/tr\/wp-json\/wp\/v2\/types\/page"}],"author":[{"embeddable":true,"href":"https:\/\/virconlegal.com\/tr\/wp-json\/wp\/v2\/users\/1"}],"replies":[{"embeddable":true,"href":"https:\/\/virconlegal.com\/tr\/wp-json\/wp\/v2\/comments?post=7249"}],"version-history":[{"count":1,"href":"https:\/\/virconlegal.com\/tr\/wp-json\/wp\/v2\/pages\/7249\/revisions"}],"predecessor-version":[{"id":7463,"href":"https:\/\/virconlegal.com\/tr\/wp-json\/wp\/v2\/pages\/7249\/revisions\/7463"}],"wp:attachment":[{"href":"https:\/\/virconlegal.com\/tr\/wp-json\/wp\/v2\/media?parent=7249"}],"curies":[{"name":"wp","href":"https:\/\/api.w.org\/{rel}","templated":true}]}}