{"id":13208,"date":"2026-05-15T18:01:48","date_gmt":"2026-05-15T18:01:48","guid":{"rendered":"https:\/\/virconlegal.com\/fikri-mulkiyet\/"},"modified":"2026-05-15T18:44:23","modified_gmt":"2026-05-15T18:44:23","slug":"fikri-mulkiyet","status":"publish","type":"page","link":"https:\/\/virconlegal.com\/tr\/fikri-mulkiyet\/","title":{"rendered":"Fikri M\u00fclkiyet"},"content":{"rendered":"<p>Vircon Legal; teknoloji \u015firketleri, i\u00e7erik \u00fcreticileri, marka sahipleri ve yat\u0131r\u0131mc\u0131lara fikri m\u00fclkiyetin t\u00fcm ya\u015fam d\u00f6ng\u00fcs\u00fc konusunda dan\u0131\u015fmanl\u0131k verir \u2014 ilk korumadan ticarile\u015ftirme, ihlal takibi ve \u00e7\u0131k\u0131\u015fta devre kadar. Prati\u011fimiz markalar, telif haklar\u0131, patentler, tasar\u0131mlar, ticari s\u0131rlar ve her M&#038;A ve finansman i\u015fleminde yer alan IP odakl\u0131 due diligence \u00e7al\u0131\u015fmalar\u0131n\u0131 kapsar.<\/p>\n<p>Marka korumas\u0131 i\u00e7in T\u00fcrk Patent ve Marka Kurumu (TPMK), EUIPO ve Madrid Protokol\u00fc ba\u015fvurular\u0131n\u0131 ile kilit pazarlardaki do\u011frudan ulusal ba\u015fvurular\u0131 y\u00f6netiriz. \u0130tiraz ve h\u00fck\u00fcms\u00fczl\u00fck s\u00fcre\u00e7lerini y\u00fcr\u00fct\u00fcr; k\u00f6t\u00fc niyetli tescil ve taklit eden taraflara kar\u015f\u0131 uygulama stratejileri konusunda dan\u0131\u015fmanl\u0131k veririz.<\/p>\n<p>Teknoloji odakl\u0131 \u015firketler i\u00e7in kuruculardan, m\u00fcteahhitlerden ve devral\u0131nan ekiplerden IP devirlerini yap\u0131land\u0131r\u0131r; a\u00e7\u0131k kaynak uyum programlar\u0131 tasarlar; ve IP&#8217;yi ticari gelire d\u00f6n\u00fc\u015ft\u00fcren lisans d\u00fczenlemelerini (SaaS, yaz\u0131l\u0131m da\u011f\u0131t\u0131m\u0131, i\u00e7erik lisanslar\u0131) haz\u0131rlar\u0131z. Ayn\u0131 zamanda yat\u0131r\u0131m turlar\u0131 ve sat\u0131n al\u0131mlar i\u00e7in IP due diligence y\u00fcr\u00fct\u00fcr; m\u00fclkiyet zincirindeki bo\u015fluklar\u0131 i\u015flem \u00f6ncesi tespit ederiz.<\/p>\n<p>Fikri M\u00fclkiyet prati\u011fimiz, s\u0131n\u0131rl\u0131 olmamak \u00fczere \u015funlar\u0131 kapsamaktad\u0131r:<\/p>\n<ul>\n<li>TPMK, EUIPO ve Madrid Protokol\u00fc \u00fczerinden marka tescili<\/li>\n<li>Marka itiraz\u0131, h\u00fck\u00fcms\u00fczl\u00fck ve uygulama<\/li>\n<li>Telif hakk\u0131 korumas\u0131 ve kayd\u0131<\/li>\n<li>Patent stratejisi ve patent vekilleri ile portf\u00f6y koordinasyonu<\/li>\n<li>End\u00fcstriyel tasar\u0131m korumas\u0131<\/li>\n<li>IP devir s\u00f6zle\u015fmeleri (<a href=\"https:\/\/virconlegal.com\/tr\/term\/kurucu\/\">kurucu<\/a>, \u00e7al\u0131\u015fan, <a href=\"https:\/\/virconlegal.com\/tr\/term\/muteahhit\/\">m\u00fcteahhit<\/a>)<\/li>\n<li>Yaz\u0131l\u0131m ve SaaS lisans s\u00f6zle\u015fmeleri<\/li>\n<li>A\u00e7\u0131k kaynak uyum programlar\u0131<\/li>\n<li>Finansman ve M&#038;A i\u00e7in IP due diligence<\/li>\n<li><a href=\"https:\/\/virconlegal.com\/tr\/term\/ticari-sir\/\">Ticari s\u0131r<\/a> korumas\u0131 ve gizlilik \u00e7er\u00e7eveleri<\/li>\n<\/ul>\n","protected":false},"excerpt":{"rendered":"<p>Vircon Legal; teknoloji \u015firketleri, i\u00e7erik \u00fcreticileri, marka sahipleri ve yat\u0131r\u0131mc\u0131lara fikri m\u00fclkiyetin t\u00fcm ya\u015fam d\u00f6ng\u00fcs\u00fc konusunda dan\u0131\u015fmanl\u0131k verir \u2014 ilk korumadan ticarile\u015ftirme, ihlal takibi ve \u00e7\u0131k\u0131\u015fta devre kadar. Prati\u011fimiz markalar, telif haklar\u0131, patentler, tasar\u0131mlar, ticari s\u0131rlar ve her M&#038;A ve finansman i\u015fleminde yer alan IP odakl\u0131 due diligence \u00e7al\u0131\u015fmalar\u0131n\u0131 kapsar. Marka korumas\u0131 i\u00e7in T\u00fcrk Patent [&hellip;]<\/p>\n","protected":false},"author":4,"featured_media":0,"parent":0,"menu_order":0,"comment_status":"closed","ping_status":"closed","template":"","meta":{"footnotes":""},"class_list":["post-13208","page","type-page","status-publish","hentry"],"_links":{"self":[{"href":"https:\/\/virconlegal.com\/tr\/wp-json\/wp\/v2\/pages\/13208","targetHints":{"allow":["GET"]}}],"collection":[{"href":"https:\/\/virconlegal.com\/tr\/wp-json\/wp\/v2\/pages"}],"about":[{"href":"https:\/\/virconlegal.com\/tr\/wp-json\/wp\/v2\/types\/page"}],"author":[{"embeddable":true,"href":"https:\/\/virconlegal.com\/tr\/wp-json\/wp\/v2\/users\/4"}],"replies":[{"embeddable":true,"href":"https:\/\/virconlegal.com\/tr\/wp-json\/wp\/v2\/comments?post=13208"}],"version-history":[{"count":1,"href":"https:\/\/virconlegal.com\/tr\/wp-json\/wp\/v2\/pages\/13208\/revisions"}],"predecessor-version":[{"id":13232,"href":"https:\/\/virconlegal.com\/tr\/wp-json\/wp\/v2\/pages\/13208\/revisions\/13232"}],"wp:attachment":[{"href":"https:\/\/virconlegal.com\/tr\/wp-json\/wp\/v2\/media?parent=13208"}],"curies":[{"name":"wp","href":"https:\/\/api.w.org\/{rel}","templated":true}]}}