{"id":13204,"date":"2022-03-28T12:09:57","date_gmt":"2022-03-28T12:09:57","guid":{"rendered":"https:\/\/virconlegal.com\/kurumsal-yonetim\/"},"modified":"2026-05-15T18:44:20","modified_gmt":"2026-05-15T18:44:20","slug":"kurumsal-yonetim-2","status":"publish","type":"page","link":"https:\/\/virconlegal.com\/tr\/kurumsal-yonetim-2\/","title":{"rendered":"Kurumsal Y\u00f6netim"},"content":{"rendered":"<style>.elementor-13204 .elementor-element.elementor-element-2f640aa{font-family:\"Poppins\", Sans-serif;}.elementor-13204 .elementor-element.elementor-element-3fbc240 img{width:100%;max-width:100%;height:262px;}.elementor-13204 .elementor-element.elementor-element-8a0ff1b{font-family:\"Poppins\", Sans-serif;}<\/style>\t\t<div data-elementor-type=\"wp-page\" data-elementor-id=\"13204\" class=\"elementor elementor-13204\" data-elementor-post-type=\"page\">\n\t\t\t\t\t\t<section class=\"elementor-section elementor-top-section elementor-element elementor-element-d74c918 elementor-section-boxed elementor-section-height-default elementor-section-height-default\" data-id=\"d74c918\" data-element_type=\"section\" data-settings=\"{&quot;jet_parallax_layout_list&quot;:[]}\">\n\t\t\t\t\t\t<div class=\"elementor-container elementor-column-gap-default\">\n\t\t\t\t\t<div class=\"elementor-column elementor-col-100 elementor-top-column elementor-element elementor-element-432ab10\" data-id=\"432ab10\" data-element_type=\"column\">\n\t\t\t<div class=\"elementor-widget-wrap elementor-element-populated\">\n\t\t\t\t\t\t<div class=\"elementor-element elementor-element-2f640aa elementor-widget elementor-widget-text-editor\" data-id=\"2f640aa\" data-element_type=\"widget\" data-widget_type=\"text-editor.default\">\n\t\t\t\t<div class=\"elementor-widget-container\">\n\t\t\t\t\t\t\t\t\t<p>As Vircon Legal, we provide our clients with the appropriate legal structure for their business targets. We advise on a range of tax, dispute avoidance, and <a href=\"https:\/\/virconlegal.com\/term\/data-protection\/\">data protection<\/a> issues. We have also experienced in advising foreign clients for structuring their operations in Turkey.\u00a0<\/p>\t\t\t\t\t\t\t\t<\/div>\n\t\t\t\t<\/div>\n\t\t\t\t\t<\/div>\n\t\t<\/div>\n\t\t\t\t\t<\/div>\n\t\t<\/section>\n\t\t\t\t<section class=\"elementor-section elementor-top-section elementor-element elementor-element-371fef7 elementor-section-boxed elementor-section-height-default elementor-section-height-default\" data-id=\"371fef7\" data-element_type=\"section\" data-settings=\"{&quot;jet_parallax_layout_list&quot;:[]}\">\n\t\t\t\t\t\t<div class=\"elementor-container elementor-column-gap-default\">\n\t\t\t\t\t<div class=\"elementor-column elementor-col-100 elementor-top-column elementor-element elementor-element-a9ed40e\" data-id=\"a9ed40e\" data-element_type=\"column\">\n\t\t\t<div class=\"elementor-widget-wrap elementor-element-populated\">\n\t\t\t\t\t\t<div class=\"elementor-element elementor-element-3fbc240 elementor-widget elementor-widget-image\" data-id=\"3fbc240\" data-element_type=\"widget\" data-widget_type=\"image.default\">\n\t\t\t\t<div class=\"elementor-widget-container\">\n\t\t\t\t\t\t\t\t\t\t\t\t\t\t\t<img decoding=\"async\" src=\"https:\/\/virconlegal.com\/wp-content\/plugins\/elementor\/assets\/images\/placeholder.png\" title=\"\" alt=\"\" loading=\"lazy\" \/>\t\t\t\t\t\t\t\t\t\t\t\t\t\t\t<\/div>\n\t\t\t\t<\/div>\n\t\t\t\t\t<\/div>\n\t\t<\/div>\n\t\t\t\t\t<\/div>\n\t\t<\/section>\n\t\t\t\t<section class=\"elementor-section elementor-top-section elementor-element elementor-element-c820d8a elementor-section-boxed elementor-section-height-default elementor-section-height-default\" data-id=\"c820d8a\" data-element_type=\"section\" data-settings=\"{&quot;jet_parallax_layout_list&quot;:[]}\">\n\t\t\t\t\t\t<div class=\"elementor-container elementor-column-gap-default\">\n\t\t\t\t\t<div class=\"elementor-column elementor-col-100 elementor-top-column elementor-element elementor-element-11023da\" data-id=\"11023da\" data-element_type=\"column\">\n\t\t\t<div class=\"elementor-widget-wrap elementor-element-populated\">\n\t\t\t\t\t\t<div class=\"elementor-element elementor-element-8a0ff1b elementor-widget elementor-widget-text-editor\" data-id=\"8a0ff1b\" data-element_type=\"widget\" data-widget_type=\"text-editor.default\">\n\t\t\t\t<div class=\"elementor-widget-container\">\n\t\t\t\t\t\t\t\t\t<p>We assist in preparing and amending companies\u2019 articles of association either to comply with the Turkish Commercial Code or to reflect specific agreements between different shareholders groups; intra-group reorganizations to include spin-off, <a href=\"https:\/\/virconlegal.com\/term\/merger\/\">merger<\/a>, change of legal form, liquidation, asset transfer, and share transfer; managing the promotion &amp; stock-option processes, structuring the <a href=\"https:\/\/virconlegal.com\/term\/board-of-directors\/\">board of directors<\/a> and limitation of authorities between board members, preparation of comprehensive internal policies within the company; and general maintenance of corporate records.\u00a0<\/p><p>\u00a0<\/p><p>Our <a href=\"https:\/\/virconlegal.com\/term\/corporate-governance\/\">Corporate Governance<\/a> service includes, but not limited to, the following:<\/p><ul><li>M&amp;A transactions<\/li><li>Commercial Contracts<\/li><li>General Corporate Transactions<\/li><li>Comprehensive corporate maintenance services<\/li><li>Basic corporate maintenance services<\/li><\/ul>\t\t\t\t\t\t\t\t<\/div>\n\t\t\t\t<\/div>\n\t\t\t\t\t<\/div>\n\t\t<\/div>\n\t\t\t\t\t<\/div>\n\t\t<\/section>\n\t\t\t\t<\/div>\n\t\t","protected":false},"excerpt":{"rendered":"<p>Vircon Legal; startuplar, b\u00fcy\u00fcme a\u015famas\u0131ndaki \u015firketler, halka a\u00e7\u0131k \u015firket ba\u011fl\u0131 kurulu\u015flar\u0131 ve yat\u0131r\u0131m fonlar\u0131n\u0131n GP t\u00fczel ki\u015filikleri i\u00e7in kurumsal y\u00f6netim \u00e7er\u00e7eveleri tasarlar ve uygular. \u00c7al\u0131\u015fmam\u0131z y\u00f6netim kurulu kompozisyonu, komite g\u00f6revleri, pay sahipleri s\u00f6zle\u015fmeleri, az\u0131nl\u0131k koruma mekanikleri ve rutin ile rutin olmayan kurumsal kararlar\u0131n nas\u0131l al\u0131nd\u0131\u011f\u0131n\u0131 belirleyen politikalar\u0131 kapsar. Giri\u015fim sermayesi destekli \u015firketler i\u00e7in, h\u0131zla b\u00fcy\u00fcyen [&hellip;]<\/p>\n","protected":false},"author":4,"featured_media":0,"parent":0,"menu_order":0,"comment_status":"closed","ping_status":"closed","template":"","meta":{"footnotes":""},"class_list":["post-13204","page","type-page","status-publish","hentry"],"_links":{"self":[{"href":"https:\/\/virconlegal.com\/tr\/wp-json\/wp\/v2\/pages\/13204","targetHints":{"allow":["GET"]}}],"collection":[{"href":"https:\/\/virconlegal.com\/tr\/wp-json\/wp\/v2\/pages"}],"about":[{"href":"https:\/\/virconlegal.com\/tr\/wp-json\/wp\/v2\/types\/page"}],"author":[{"embeddable":true,"href":"https:\/\/virconlegal.com\/tr\/wp-json\/wp\/v2\/users\/4"}],"replies":[{"embeddable":true,"href":"https:\/\/virconlegal.com\/tr\/wp-json\/wp\/v2\/comments?post=13204"}],"version-history":[{"count":1,"href":"https:\/\/virconlegal.com\/tr\/wp-json\/wp\/v2\/pages\/13204\/revisions"}],"predecessor-version":[{"id":13230,"href":"https:\/\/virconlegal.com\/tr\/wp-json\/wp\/v2\/pages\/13204\/revisions\/13230"}],"wp:attachment":[{"href":"https:\/\/virconlegal.com\/tr\/wp-json\/wp\/v2\/media?parent=13204"}],"curies":[{"name":"wp","href":"https:\/\/api.w.org\/{rel}","templated":true}]}}