{"id":13202,"date":"2022-03-28T12:08:34","date_gmt":"2022-03-28T12:08:34","guid":{"rendered":"https:\/\/virconlegal.com\/sirket-yapilandirma\/"},"modified":"2026-05-15T18:44:18","modified_gmt":"2026-05-15T18:44:18","slug":"sirket-yapilandirma","status":"publish","type":"page","link":"https:\/\/virconlegal.com\/tr\/sirket-yapilandirma\/","title":{"rendered":"\u015eirket Yeniden Yap\u0131land\u0131rmas\u0131"},"content":{"rendered":"<style>.elementor-13202 .elementor-element.elementor-element-ee03d88 > .elementor-widget-container{margin:010px 0px 0px 0px;}.elementor-13202 .elementor-element.elementor-element-ee03d88{font-family:\"Poppins\", Sans-serif;}<\/style>\t\t<div data-elementor-type=\"wp-page\" data-elementor-id=\"13202\" class=\"elementor elementor-13202\" data-elementor-post-type=\"page\">\n\t\t\t\t\t\t<section class=\"elementor-section elementor-top-section elementor-element elementor-element-100b8fb elementor-section-boxed elementor-section-height-default elementor-section-height-default\" data-id=\"100b8fb\" data-element_type=\"section\" data-settings=\"{&quot;jet_parallax_layout_list&quot;:[]}\">\n\t\t\t\t\t\t<div class=\"elementor-container elementor-column-gap-default\">\n\t\t\t\t\t<div class=\"elementor-column elementor-col-100 elementor-top-column elementor-element elementor-element-a4364ea\" data-id=\"a4364ea\" data-element_type=\"column\">\n\t\t\t<div class=\"elementor-widget-wrap elementor-element-populated\">\n\t\t\t\t\t\t<section class=\"elementor-section elementor-inner-section elementor-element elementor-element-69cd966 elementor-section-boxed elementor-section-height-default elementor-section-height-default\" data-id=\"69cd966\" data-element_type=\"section\" data-settings=\"{&quot;jet_parallax_layout_list&quot;:[]}\">\n\t\t\t\t\t\t<div class=\"elementor-container elementor-column-gap-default\">\n\t\t\t\t\t<div class=\"elementor-column elementor-col-50 elementor-inner-column elementor-element elementor-element-9766ae4\" data-id=\"9766ae4\" data-element_type=\"column\">\n\t\t\t<div class=\"elementor-widget-wrap elementor-element-populated\">\n\t\t\t\t\t\t<div class=\"elementor-element elementor-element-ee03d88 elementor-widget elementor-widget-text-editor\" data-id=\"ee03d88\" data-element_type=\"widget\" data-widget_type=\"text-editor.default\">\n\t\t\t\t<div class=\"elementor-widget-container\">\n\t\t\t\t\t\t\t\t\t<p>In order to reorganize our clients\u2019 business structure and assist them in financially caused legal distress, we have the necessary range of legal and commercial skills and varied expertise from different practice areas.<\/p><p>\u00a0<\/p><p>We offer legal advisory to the troubled companies, boards of directors, management, owners, creditors, and investors in the full spectrum of all restructuring transactions, including financial recapitalizations, business reorganizations, liquidations, and acquisitions.<\/p>\t\t\t\t\t\t\t\t<\/div>\n\t\t\t\t<\/div>\n\t\t\t\t\t<\/div>\n\t\t<\/div>\n\t\t\t\t<div class=\"elementor-column elementor-col-50 elementor-inner-column elementor-element elementor-element-777cd15\" data-id=\"777cd15\" data-element_type=\"column\">\n\t\t\t<div class=\"elementor-widget-wrap elementor-element-populated\">\n\t\t\t\t\t\t<div class=\"elementor-element elementor-element-f0d95d6 elementor-widget elementor-widget-image\" data-id=\"f0d95d6\" data-element_type=\"widget\" data-widget_type=\"image.default\">\n\t\t\t\t<div class=\"elementor-widget-container\">\n\t\t\t\t\t\t\t\t\t\t\t\t\t\t\t<img decoding=\"async\" src=\"https:\/\/virconlegal.com\/wp-content\/plugins\/elementor\/assets\/images\/placeholder.png\" title=\"\" alt=\"\" loading=\"lazy\" \/>\t\t\t\t\t\t\t\t\t\t\t\t\t\t\t<\/div>\n\t\t\t\t<\/div>\n\t\t\t\t\t<\/div>\n\t\t<\/div>\n\t\t\t\t\t<\/div>\n\t\t<\/section>\n\t\t\t\t\t<\/div>\n\t\t<\/div>\n\t\t\t\t\t<\/div>\n\t\t<\/section>\n\t\t\t\t<section class=\"elementor-section elementor-top-section elementor-element elementor-element-a868a0d elementor-section-boxed elementor-section-height-default elementor-section-height-default\" data-id=\"a868a0d\" data-element_type=\"section\" data-settings=\"{&quot;jet_parallax_layout_list&quot;:[]}\">\n\t\t\t\t\t\t<div class=\"elementor-container elementor-column-gap-default\">\n\t\t\t\t\t<div class=\"elementor-column elementor-col-100 elementor-top-column elementor-element elementor-element-9443603\" data-id=\"9443603\" data-element_type=\"column\">\n\t\t\t<div class=\"elementor-widget-wrap elementor-element-populated\">\n\t\t\t\t\t\t<div class=\"elementor-element elementor-element-f5bca0f elementor-widget elementor-widget-text-editor\" data-id=\"f5bca0f\" data-element_type=\"widget\" data-widget_type=\"text-editor.default\">\n\t\t\t\t<div class=\"elementor-widget-container\">\n\t\t\t\t\t\t\t\t\t<p>We provide innovative solutions to our clients involved in distressed company situations, allowing clients to enhance value, minimize costs and properly position themselves for the future.<\/p><p>\u00a0<\/p><p>Our company restructuring service is customized for our clients\u2019 legal needs and including, but not limited to, the following:<\/p><p>\u00a0<\/p><ul><li>Distress-related resources such as litigation, tax, finance, benefits, and M&amp;A<\/li><li>Enabling to see the entire picture and offering valuable perspectives<\/li><li>Restructuring experience in all major industries<\/li><li>Risk management\u00a0<\/li><\/ul>\t\t\t\t\t\t\t\t<\/div>\n\t\t\t\t<\/div>\n\t\t\t\t\t<\/div>\n\t\t<\/div>\n\t\t\t\t\t<\/div>\n\t\t<\/section>\n\t\t\t\t<\/div>\n\t\t","protected":false},"excerpt":{"rendered":"<p>Vircon Legal; T\u00fcrk Ticaret Kanunu (TTK md. 134\u2013194) kapsam\u0131nda birle\u015fme, b\u00f6l\u00fcnme, t\u00fcr de\u011fi\u015ftirme, varl\u0131k transferi ve pre-exit yeniden yap\u0131land\u0131rma konular\u0131nda dan\u0131\u015fmanl\u0131k verir. Kurucular, private equity sponsorlar\u0131 ve aile ofisleri ile \u00e7al\u0131\u015farak; ticari hedeflere ula\u015f\u0131rken vergi n\u00f6trl\u00fc\u011f\u00fcn\u00fc, reg\u00fclatif uyumu ve kurumsal s\u00fcreklili\u011fi koruyan yap\u0131land\u0131rma i\u015flemleri tasarlar\u0131z. Pre-exit yeniden yap\u0131land\u0131rma s\u0131k kar\u015f\u0131la\u015ft\u0131\u011f\u0131m\u0131z bir i\u015f t\u00fcr\u00fc: operasyonel varl\u0131klar\u0131 [&hellip;]<\/p>\n","protected":false},"author":4,"featured_media":0,"parent":0,"menu_order":0,"comment_status":"closed","ping_status":"closed","template":"","meta":{"footnotes":""},"class_list":["post-13202","page","type-page","status-publish","hentry"],"_links":{"self":[{"href":"https:\/\/virconlegal.com\/tr\/wp-json\/wp\/v2\/pages\/13202","targetHints":{"allow":["GET"]}}],"collection":[{"href":"https:\/\/virconlegal.com\/tr\/wp-json\/wp\/v2\/pages"}],"about":[{"href":"https:\/\/virconlegal.com\/tr\/wp-json\/wp\/v2\/types\/page"}],"author":[{"embeddable":true,"href":"https:\/\/virconlegal.com\/tr\/wp-json\/wp\/v2\/users\/4"}],"replies":[{"embeddable":true,"href":"https:\/\/virconlegal.com\/tr\/wp-json\/wp\/v2\/comments?post=13202"}],"version-history":[{"count":1,"href":"https:\/\/virconlegal.com\/tr\/wp-json\/wp\/v2\/pages\/13202\/revisions"}],"predecessor-version":[{"id":13229,"href":"https:\/\/virconlegal.com\/tr\/wp-json\/wp\/v2\/pages\/13202\/revisions\/13229"}],"wp:attachment":[{"href":"https:\/\/virconlegal.com\/tr\/wp-json\/wp\/v2\/media?parent=13202"}],"curies":[{"name":"wp","href":"https:\/\/api.w.org\/{rel}","templated":true}]}}