{"id":13198,"date":"2022-03-28T11:55:12","date_gmt":"2022-03-28T11:55:12","guid":{"rendered":"https:\/\/virconlegal.com\/yatirim-yonetimi\/"},"modified":"2026-05-15T18:44:15","modified_gmt":"2026-05-15T18:44:15","slug":"yatirim-yonetimi","status":"publish","type":"page","link":"https:\/\/virconlegal.com\/tr\/yatirim-yonetimi\/","title":{"rendered":"Yat\u0131r\u0131m Y\u00f6netimi"},"content":{"rendered":"<style>.elementor-13198 .elementor-element.elementor-element-b335a06 > .elementor-widget-container{margin:0px 0px 20px 0px;}.elementor-13198 .elementor-element.elementor-element-b335a06 img{width:100%;max-width:100%;height:251px;}<\/style>\t\t<div data-elementor-type=\"wp-page\" data-elementor-id=\"13198\" class=\"elementor elementor-13198\" data-elementor-post-type=\"page\">\n\t\t\t\t\t\t<section class=\"elementor-section elementor-top-section elementor-element elementor-element-e06d6af elementor-section-boxed elementor-section-height-default elementor-section-height-default\" data-id=\"e06d6af\" data-element_type=\"section\" data-settings=\"{&quot;jet_parallax_layout_list&quot;:[]}\">\n\t\t\t\t\t\t<div class=\"elementor-container elementor-column-gap-default\">\n\t\t\t\t\t<div class=\"elementor-column elementor-col-100 elementor-top-column elementor-element elementor-element-c452957\" data-id=\"c452957\" data-element_type=\"column\">\n\t\t\t<div class=\"elementor-widget-wrap elementor-element-populated\">\n\t\t\t\t\t\t<div class=\"elementor-element elementor-element-b335a06 elementor-widget elementor-widget-image\" data-id=\"b335a06\" data-element_type=\"widget\" data-widget_type=\"image.default\">\n\t\t\t\t<div class=\"elementor-widget-container\">\n\t\t\t\t\t\t\t\t\t\t\t\t\t\t\t<img decoding=\"async\" src=\"https:\/\/virconlegal.com\/wp-content\/plugins\/elementor\/assets\/images\/placeholder.png\" title=\"\" alt=\"\" loading=\"lazy\" \/>\t\t\t\t\t\t\t\t\t\t\t\t\t\t\t<\/div>\n\t\t\t\t<\/div>\n\t\t\t\t\t<\/div>\n\t\t<\/div>\n\t\t\t\t\t<\/div>\n\t\t<\/section>\n\t\t\t\t<section class=\"elementor-section elementor-top-section elementor-element elementor-element-f7d676b elementor-section-boxed elementor-section-height-default elementor-section-height-default\" data-id=\"f7d676b\" data-element_type=\"section\" data-settings=\"{&quot;jet_parallax_layout_list&quot;:[]}\">\n\t\t\t\t\t\t<div class=\"elementor-container elementor-column-gap-default\">\n\t\t\t\t\t<div class=\"elementor-column elementor-col-100 elementor-top-column elementor-element elementor-element-7a4fbc5\" data-id=\"7a4fbc5\" data-element_type=\"column\">\n\t\t\t<div class=\"elementor-widget-wrap elementor-element-populated\">\n\t\t\t\t\t\t<div class=\"elementor-element elementor-element-1d27527 elementor-widget elementor-widget-text-editor\" data-id=\"1d27527\" data-element_type=\"widget\" data-widget_type=\"text-editor.default\">\n\t\t\t\t<div class=\"elementor-widget-container\">\n\t\t\t\t\t\t\t\t\t<p>We focus on serving our clients on their investment plans and transactions at every stage. We also advise our clients at the stage of fundraising, establishment, and incentive creation for fund management and pre-investment stages.\u00a0<\/p><p>\u00a0<\/p><p>We provide legal advisory to create the potential investment plan and structures, perform <a href=\"https:\/\/virconlegal.com\/term\/legal-due-diligence\/\">legal due diligence<\/a> for the potential investments, and draw up, review, and negotiate any type of <a href=\"https:\/\/virconlegal.com\/term\/acquisition\/\">acquisition<\/a> or investment contracts and legal documents at the investment phase.\u00a0<\/p><p>\u00a0<\/p><p>Our vision is to make the best of Turkey\u2019s vast investment potential to support growing startups as well as the small, medium-sized, and large-scale domestic and international startups. With this aim, we are here for you in the whole investment process with our proficient knowledge and experience with <a href=\"https:\/\/virconlegal.com\/term\/angel-investor\/\">angel investor<\/a> networks, venture capitals, corporate venture capitals, and <a href=\"https:\/\/virconlegal.com\/term\/crowdfunding\/\">crowdfunding<\/a> platforms for creating investments for entrepreneurs.\u00a0<\/p><p>\u00a0<\/p><p>Our Investment Management service includes, but not limited to, the following:<\/p><p>\u00a0<\/p><ul><li>Resolving regulatory and compliance issues<\/li><li>Determining the investment instruments<\/li><li>Conducting investment-related agreements including <a href=\"https:\/\/virconlegal.com\/term\/vesting\/\">vesting<\/a>, <a href=\"https:\/\/virconlegal.com\/term\/stock-option\/\">stock option<\/a>, fund distribution, convertible notes, convertible debt, etc.\u00a0\u00a0<\/li><li>Seed-capital, start-up, early-stage, pre <a href=\"https:\/\/virconlegal.com\/term\/valuation\/\">valuation<\/a>, post valuation, expansion, and growth capital investments<\/li><\/ul>\t\t\t\t\t\t\t\t<\/div>\n\t\t\t\t<\/div>\n\t\t\t\t\t<\/div>\n\t\t<\/div>\n\t\t\t\t\t<\/div>\n\t\t<\/section>\n\t\t\t\t<\/div>\n\t\t","protected":false},"excerpt":{"rendered":"<p>Vircon Legal; yat\u0131r\u0131m fonlar\u0131, fon y\u00f6neticileri, aile ofisleri ve kurumsal yat\u0131r\u0131mc\u0131lara fon kurulu\u015fu, s\u00fcregelen operasyonlar ve sermaye da\u011f\u0131t\u0131m\u0131n\u0131 destekleyen reg\u00fclatif mimarinin tasar\u0131m\u0131 konusunda dan\u0131\u015fmanl\u0131k verir. T\u00fcrk Giri\u015fim Sermayesi Yat\u0131r\u0131m Fonlar\u0131 (GSYF), Cayman exempted limited partnership&#8217;leri, L\u00fcksemburg SCSp\/SCA SICAV-RAIF yap\u0131lar\u0131 ve ABD Delaware LP d\u00fczenlemeleri aras\u0131nda \u00e7al\u0131\u015f\u0131r; her stratejinin yat\u0131r\u0131mc\u0131 taban\u0131 ve hedef yarg\u0131 b\u00f6lgelerine uygun [&hellip;]<\/p>\n","protected":false},"author":4,"featured_media":0,"parent":0,"menu_order":0,"comment_status":"closed","ping_status":"closed","template":"","meta":{"footnotes":""},"class_list":["post-13198","page","type-page","status-publish","hentry"],"_links":{"self":[{"href":"https:\/\/virconlegal.com\/tr\/wp-json\/wp\/v2\/pages\/13198","targetHints":{"allow":["GET"]}}],"collection":[{"href":"https:\/\/virconlegal.com\/tr\/wp-json\/wp\/v2\/pages"}],"about":[{"href":"https:\/\/virconlegal.com\/tr\/wp-json\/wp\/v2\/types\/page"}],"author":[{"embeddable":true,"href":"https:\/\/virconlegal.com\/tr\/wp-json\/wp\/v2\/users\/4"}],"replies":[{"embeddable":true,"href":"https:\/\/virconlegal.com\/tr\/wp-json\/wp\/v2\/comments?post=13198"}],"version-history":[{"count":1,"href":"https:\/\/virconlegal.com\/tr\/wp-json\/wp\/v2\/pages\/13198\/revisions"}],"predecessor-version":[{"id":13227,"href":"https:\/\/virconlegal.com\/tr\/wp-json\/wp\/v2\/pages\/13198\/revisions\/13227"}],"wp:attachment":[{"href":"https:\/\/virconlegal.com\/tr\/wp-json\/wp\/v2\/media?parent=13198"}],"curies":[{"name":"wp","href":"https:\/\/api.w.org\/{rel}","templated":true}]}}